{"id":1278,"date":"2025-03-29T14:45:04","date_gmt":"2025-03-29T13:45:04","guid":{"rendered":"https:\/\/repartoutvelo.fr\/?page_id=1278"},"modified":"2025-03-29T15:37:56","modified_gmt":"2025-03-29T14:37:56","slug":"cave-du-bois-de-letoile","status":"publish","type":"page","link":"https:\/\/repartoutvelo.fr\/index.php\/cave-du-bois-de-letoile\/","title":{"rendered":"9"},"content":{"rendered":"\n<script type=\"text\/javascript\">\n\/*\nelements [i] designates each radio button of the form in the order of their creation\nchecked contains true (or 1) if the corresponding button is checked;\nthe function accepts any number of arguments;\nthe constraint is that all questions must contain the same number of answers proposed (can be bypassed using hidden elements).\n*\/\n\nfunction result() {\n\tvar answers_number= 3; \/\/number of answers proposed per question; true, false in the example\n\tvar count= 0;\n\tfor (i= 0; i < (arguments.length); i++) {\n\t\tcount= count + form_test.elements[(i * answers_number) + arguments[i]].checked;\n\t\t}\n\twindow.alert('vous avez ' + count + ' r\\xE9ponse(s) bonnes sur ' + arguments.length);\n\t}\n<\/script> \n\n<form id = 'form_test_id' > \n<div class=\"right\">\nNotez l'onctuosit\u00e9\n<label>\n<input type=\"radio\" name=\"Choixo\" >Faible<\/label>\n<label>\n<input type=\"radio\" name=\"Choixo\" \/>Moyen<\/label>\n<label>\n<input type=\"radio\" name=\"Choixo\" \/>Fort<\/label>\n<\/div>\n\n<div class=\"right\">\nNotez l'acidite\n<label>\n<input type=\"radio\" name=\"Choixa\" >Faible<\/label>\n<label>\n<input type=\"radio\" name=\"Choixa\" \/>Moyen<\/label>\n<label>\n<input type=\"radio\" name=\"Choixa\" \/>Fort<\/label>\n<\/div>\n\n<div class=\"right\">\nNotez les tanins\n<label>\n<input type=\"radio\" name=\"Choixt\" >Faible<\/label>\n<label>\n<input type=\"radio\" name=\"Choixt\" \/>Moyen<\/label>\n<label>\n<input type=\"radio\" name=\"Choixt\" \/>Fort<\/label>\n<\/div>\n\n<br style=\"clear:both;\"><br>\n\n\n<input type= 'button' value= \"Validation\" onclick= 'result(2, 2, 2);'>\n<!-- pass the order of the button corresponding to the exact answer, starting with 0 -->\n<input type= 'reset' value= \"Recommencer\"> <br>\n<\/form>\n\n<script type= \"text\/javascript\">\n\/* these constants must be initialized after the page is displayed *\/\nconst form_test= document.getElementById('form_test_id'); \n<\/script>\n\n\n\n<script type=\"text\/javascript\">\n\/*\nelements [i] designates each radio button of the form in the order of their creation\nchecked contains true (or 1) if the corresponding button is checked;\nthe function accepts any number of arguments;\nthe constraint is that all questions must contain the same number of answers proposed (can be bypassed using hidden elements).\n*\/\n\nfunction result() {\n\tvar answers_number= 2; \/\/number of answers proposed per question; true, false in the example\n\tvar count= 0;\n\tfor (i= 0; i < (arguments.length); i++) {\n\t\tcount= count + form_test.elements[(i * answers_number) + arguments[i]].checked;\n\t\t}\n\twindow.alert('vous avez ' + count + ' r\\xE9ponse(s) bonnes sur ' + arguments.length);\n\t}\n<\/script> \n\n<form id = 'form_test_id' > \n<div class=\"right\"><label><input type=\"radio\" name=\"q1\" >vrai<\/label>\n<!-- buttons of the same group have the same name -->\n<label><input type=\"radio\" name=\"q1\" \/>faux<\/label><\/div>\nLa grande muraille de Chine est visible depuis la Lune:<br style=\"clear:both;\"><br>\n\n<div class=\"right\"><label><input type=\"radio\" name=\"q2\" >vrai\n<label><input type=\"radio\" name=\"q2\" >faux<\/label><\/div>\nLes humains poss\u00e8dent plus de cinq sens:<br style=\"clear:both;\"><br>\n\n<div class=\"right\"><label><input type=\"radio\" name=\"q3\" >vrai<\/label>\n<label><input type=\"radio\" name=\"q3\" >faux<\/label><\/div>\nLe Pingouin est incapable de voler:<br style=\"clear:both;\"><br>\n\n<input type= 'button' value= \"Validation\" onclick= 'result(1, 0, 1);'>\n<!-- pass the order of the button corresponding to the exact answer, starting with 0 -->\n<input type= 'reset' value= \"Recommencer\"> <br>\n<\/form>\n\n<script type= \"text\/javascript\">\n\/* these constants must be initialized after the page is displayed *\/\nconst form_test= document.getElementById('form_test_id'); \n<\/script>\n","protected":false},"excerpt":{"rendered":"<p>Notez l&#8217;onctuosit\u00e9 Faible Moyen Fort Notez l&#8217;acidite Faible Moyen Fort Notez les tanins Faible Moyen Fort vrai faux La grande muraille de Chine est visible depuis la Lune: vrai faux Les humains poss\u00e8dent plus de cinq sens: vrai faux Le Pingouin est incapable de voler:<\/p>\n","protected":false},"author":1,"featured_media":0,"parent":0,"menu_order":0,"comment_status":"closed","ping_status":"closed","template":"","meta":{"_monsterinsights_skip_tracking":false,"_monsterinsights_sitenote_active":false,"_monsterinsights_sitenote_note":"","_monsterinsights_sitenote_category":0,"ocean_post_layout":"","ocean_both_sidebars_style":"","ocean_both_sidebars_content_width":0,"ocean_both_sidebars_sidebars_width":0,"ocean_sidebar":"","ocean_second_sidebar":"","ocean_disable_margins":"enable","ocean_add_body_class":"","ocean_shortcode_before_top_bar":"","ocean_shortcode_after_top_bar":"","ocean_shortcode_before_header":"","ocean_shortcode_after_header":"","ocean_has_shortcode":"","ocean_shortcode_after_title":"","ocean_shortcode_before_footer_widgets":"","ocean_shortcode_after_footer_widgets":"","ocean_shortcode_before_footer_bottom":"","ocean_shortcode_after_footer_bottom":"","ocean_display_top_bar":"default","ocean_display_header":"default","ocean_header_style":"","ocean_center_header_left_menu":"","ocean_custom_header_template":"","ocean_custom_logo":0,"ocean_custom_retina_logo":0,"ocean_custom_logo_max_width":0,"ocean_custom_logo_tablet_max_width":0,"ocean_custom_logo_mobile_max_width":0,"ocean_custom_logo_max_height":0,"ocean_custom_logo_tablet_max_height":0,"ocean_custom_logo_mobile_max_height":0,"ocean_header_custom_menu":"","ocean_menu_typo_font_family":"","ocean_menu_typo_font_subset":"","ocean_menu_typo_font_size":0,"ocean_menu_typo_font_size_tablet":0,"ocean_menu_typo_font_size_mobile":0,"ocean_menu_typo_font_size_unit":"px","ocean_menu_typo_font_weight":"","ocean_menu_typo_font_weight_tablet":"","ocean_menu_typo_font_weight_mobile":"","ocean_menu_typo_transform":"","ocean_menu_typo_transform_tablet":"","ocean_menu_typo_transform_mobile":"","ocean_menu_typo_line_height":0,"ocean_menu_typo_line_height_tablet":0,"ocean_menu_typo_line_height_mobile":0,"ocean_menu_typo_line_height_unit":"","ocean_menu_typo_spacing":0,"ocean_menu_typo_spacing_tablet":0,"ocean_menu_typo_spacing_mobile":0,"ocean_menu_typo_spacing_unit":"","ocean_menu_link_color":"","ocean_menu_link_color_hover":"","ocean_menu_link_color_active":"","ocean_menu_link_background":"","ocean_menu_link_hover_background":"","ocean_menu_link_active_background":"","ocean_menu_social_links_bg":"","ocean_menu_social_hover_links_bg":"","ocean_menu_social_links_color":"","ocean_menu_social_hover_links_color":"","ocean_disable_title":"default","ocean_disable_heading":"default","ocean_post_title":"","ocean_post_subheading":"","ocean_post_title_style":"","ocean_post_title_background_color":"","ocean_post_title_background":0,"ocean_post_title_bg_image_position":"","ocean_post_title_bg_image_attachment":"","ocean_post_title_bg_image_repeat":"","ocean_post_title_bg_image_size":"","ocean_post_title_height":0,"ocean_post_title_bg_overlay":0.5,"ocean_post_title_bg_overlay_color":"","ocean_disable_breadcrumbs":"default","ocean_breadcrumbs_color":"","ocean_breadcrumbs_separator_color":"","ocean_breadcrumbs_links_color":"","ocean_breadcrumbs_links_hover_color":"","ocean_display_footer_widgets":"default","ocean_display_footer_bottom":"default","ocean_custom_footer_template":"","footnotes":""},"class_list":["post-1278","page","type-page","status-publish","hentry","entry","owp-thumbs-layout-horizontal","owp-btn-normal","owp-tabs-layout-horizontal","has-no-thumbnails","has-product-nav"],"yoast_head":"<!-- This site is optimized with the Yoast SEO plugin v27.4 - https:\/\/yoast.com\/product\/yoast-seo-wordpress\/ -->\n<title>9 - R\u00e9partoutV\u00e9lo<\/title>\n<meta name=\"robots\" content=\"index, follow, max-snippet:-1, max-image-preview:large, max-video-preview:-1\" \/>\n<link rel=\"canonical\" href=\"https:\/\/repartoutvelo.fr\/index.php\/cave-du-bois-de-letoile\/\" \/>\n<meta property=\"og:locale\" content=\"fr_FR\" \/>\n<meta property=\"og:type\" content=\"article\" \/>\n<meta property=\"og:title\" content=\"9 - R\u00e9partoutV\u00e9lo\" \/>\n<meta property=\"og:description\" content=\"Notez l&#039;onctuosit\u00e9 Faible Moyen Fort Notez l&#039;acidite Faible Moyen Fort Notez les tanins Faible Moyen Fort vrai faux La grande muraille de Chine est visible depuis la Lune: vrai faux Les humains poss\u00e8dent plus de cinq sens: vrai faux Le Pingouin est incapable de voler:\" \/>\n<meta property=\"og:url\" content=\"https:\/\/repartoutvelo.fr\/index.php\/cave-du-bois-de-letoile\/\" \/>\n<meta property=\"og:site_name\" content=\"R\u00e9partoutV\u00e9lo\" \/>\n<meta property=\"article:publisher\" content=\"https:\/\/www.facebook.com\/repartoutvelo\" \/>\n<meta property=\"article:modified_time\" content=\"2025-03-29T14:37:56+00:00\" \/>\n<meta name=\"twitter:card\" content=\"summary_large_image\" \/>\n<meta name=\"twitter:label1\" content=\"Dur\u00e9e de lecture estim\u00e9e\" \/>\n\t<meta name=\"twitter:data1\" content=\"1 minute\" \/>\n<script type=\"application\/ld+json\" class=\"yoast-schema-graph\">{\"@context\":\"https:\\\/\\\/schema.org\",\"@graph\":[{\"@type\":\"WebPage\",\"@id\":\"https:\\\/\\\/repartoutvelo.fr\\\/index.php\\\/cave-du-bois-de-letoile\\\/\",\"url\":\"https:\\\/\\\/repartoutvelo.fr\\\/index.php\\\/cave-du-bois-de-letoile\\\/\",\"name\":\"9 - R\u00e9partoutV\u00e9lo\",\"isPartOf\":{\"@id\":\"https:\\\/\\\/repartoutvelo.fr\\\/#website\"},\"datePublished\":\"2025-03-29T13:45:04+00:00\",\"dateModified\":\"2025-03-29T14:37:56+00:00\",\"breadcrumb\":{\"@id\":\"https:\\\/\\\/repartoutvelo.fr\\\/index.php\\\/cave-du-bois-de-letoile\\\/#breadcrumb\"},\"inLanguage\":\"fr-FR\",\"potentialAction\":[{\"@type\":\"ReadAction\",\"target\":[\"https:\\\/\\\/repartoutvelo.fr\\\/index.php\\\/cave-du-bois-de-letoile\\\/\"]}]},{\"@type\":\"BreadcrumbList\",\"@id\":\"https:\\\/\\\/repartoutvelo.fr\\\/index.php\\\/cave-du-bois-de-letoile\\\/#breadcrumb\",\"itemListElement\":[{\"@type\":\"ListItem\",\"position\":1,\"name\":\"Accueil\",\"item\":\"https:\\\/\\\/repartoutvelo.fr\\\/\"},{\"@type\":\"ListItem\",\"position\":2,\"name\":\"9\"}]},{\"@type\":\"WebSite\",\"@id\":\"https:\\\/\\\/repartoutvelo.fr\\\/#website\",\"url\":\"https:\\\/\\\/repartoutvelo.fr\\\/\",\"name\":\"R\u00e9partoutV\u00e9lo\",\"description\":\"Votre SAV de l&#039;Ouest Lyonnais\",\"publisher\":{\"@id\":\"https:\\\/\\\/repartoutvelo.fr\\\/#organization\"},\"potentialAction\":[{\"@type\":\"SearchAction\",\"target\":{\"@type\":\"EntryPoint\",\"urlTemplate\":\"https:\\\/\\\/repartoutvelo.fr\\\/?s={search_term_string}\"},\"query-input\":{\"@type\":\"PropertyValueSpecification\",\"valueRequired\":true,\"valueName\":\"search_term_string\"}}],\"inLanguage\":\"fr-FR\"},{\"@type\":\"Organization\",\"@id\":\"https:\\\/\\\/repartoutvelo.fr\\\/#organization\",\"name\":\"R\u00e9partoutV\u00e9lo\",\"url\":\"https:\\\/\\\/repartoutvelo.fr\\\/\",\"logo\":{\"@type\":\"ImageObject\",\"inLanguage\":\"fr-FR\",\"@id\":\"https:\\\/\\\/repartoutvelo.fr\\\/#\\\/schema\\\/logo\\\/image\\\/\",\"url\":\"https:\\\/\\\/repartoutvelo.fr\\\/wp-content\\\/uploads\\\/2021\\\/08\\\/cropped-2_logo_sec_coul_baseline.png\",\"contentUrl\":\"https:\\\/\\\/repartoutvelo.fr\\\/wp-content\\\/uploads\\\/2021\\\/08\\\/cropped-2_logo_sec_coul_baseline.png\",\"width\":1906,\"height\":907,\"caption\":\"R\u00e9partoutV\u00e9lo\"},\"image\":{\"@id\":\"https:\\\/\\\/repartoutvelo.fr\\\/#\\\/schema\\\/logo\\\/image\\\/\"},\"sameAs\":[\"https:\\\/\\\/www.facebook.com\\\/repartoutvelo\",\"https:\\\/\\\/www.instagram.com\\\/repartoutvelo\"]}]}<\/script>\n<!-- \/ Yoast SEO plugin. -->","yoast_head_json":{"title":"9 - R\u00e9partoutV\u00e9lo","robots":{"index":"index","follow":"follow","max-snippet":"max-snippet:-1","max-image-preview":"max-image-preview:large","max-video-preview":"max-video-preview:-1"},"canonical":"https:\/\/repartoutvelo.fr\/index.php\/cave-du-bois-de-letoile\/","og_locale":"fr_FR","og_type":"article","og_title":"9 - R\u00e9partoutV\u00e9lo","og_description":"Notez l'onctuosit\u00e9 Faible Moyen Fort Notez l'acidite Faible Moyen Fort Notez les tanins Faible Moyen Fort vrai faux La grande muraille de Chine est visible depuis la Lune: vrai faux Les humains poss\u00e8dent plus de cinq sens: vrai faux Le Pingouin est incapable de voler:","og_url":"https:\/\/repartoutvelo.fr\/index.php\/cave-du-bois-de-letoile\/","og_site_name":"R\u00e9partoutV\u00e9lo","article_publisher":"https:\/\/www.facebook.com\/repartoutvelo","article_modified_time":"2025-03-29T14:37:56+00:00","twitter_card":"summary_large_image","twitter_misc":{"Dur\u00e9e de lecture estim\u00e9e":"1 minute"},"schema":{"@context":"https:\/\/schema.org","@graph":[{"@type":"WebPage","@id":"https:\/\/repartoutvelo.fr\/index.php\/cave-du-bois-de-letoile\/","url":"https:\/\/repartoutvelo.fr\/index.php\/cave-du-bois-de-letoile\/","name":"9 - R\u00e9partoutV\u00e9lo","isPartOf":{"@id":"https:\/\/repartoutvelo.fr\/#website"},"datePublished":"2025-03-29T13:45:04+00:00","dateModified":"2025-03-29T14:37:56+00:00","breadcrumb":{"@id":"https:\/\/repartoutvelo.fr\/index.php\/cave-du-bois-de-letoile\/#breadcrumb"},"inLanguage":"fr-FR","potentialAction":[{"@type":"ReadAction","target":["https:\/\/repartoutvelo.fr\/index.php\/cave-du-bois-de-letoile\/"]}]},{"@type":"BreadcrumbList","@id":"https:\/\/repartoutvelo.fr\/index.php\/cave-du-bois-de-letoile\/#breadcrumb","itemListElement":[{"@type":"ListItem","position":1,"name":"Accueil","item":"https:\/\/repartoutvelo.fr\/"},{"@type":"ListItem","position":2,"name":"9"}]},{"@type":"WebSite","@id":"https:\/\/repartoutvelo.fr\/#website","url":"https:\/\/repartoutvelo.fr\/","name":"R\u00e9partoutV\u00e9lo","description":"Votre SAV de l&#039;Ouest Lyonnais","publisher":{"@id":"https:\/\/repartoutvelo.fr\/#organization"},"potentialAction":[{"@type":"SearchAction","target":{"@type":"EntryPoint","urlTemplate":"https:\/\/repartoutvelo.fr\/?s={search_term_string}"},"query-input":{"@type":"PropertyValueSpecification","valueRequired":true,"valueName":"search_term_string"}}],"inLanguage":"fr-FR"},{"@type":"Organization","@id":"https:\/\/repartoutvelo.fr\/#organization","name":"R\u00e9partoutV\u00e9lo","url":"https:\/\/repartoutvelo.fr\/","logo":{"@type":"ImageObject","inLanguage":"fr-FR","@id":"https:\/\/repartoutvelo.fr\/#\/schema\/logo\/image\/","url":"https:\/\/repartoutvelo.fr\/wp-content\/uploads\/2021\/08\/cropped-2_logo_sec_coul_baseline.png","contentUrl":"https:\/\/repartoutvelo.fr\/wp-content\/uploads\/2021\/08\/cropped-2_logo_sec_coul_baseline.png","width":1906,"height":907,"caption":"R\u00e9partoutV\u00e9lo"},"image":{"@id":"https:\/\/repartoutvelo.fr\/#\/schema\/logo\/image\/"},"sameAs":["https:\/\/www.facebook.com\/repartoutvelo","https:\/\/www.instagram.com\/repartoutvelo"]}]}},"_links":{"self":[{"href":"https:\/\/repartoutvelo.fr\/index.php\/wp-json\/wp\/v2\/pages\/1278","targetHints":{"allow":["GET"]}}],"collection":[{"href":"https:\/\/repartoutvelo.fr\/index.php\/wp-json\/wp\/v2\/pages"}],"about":[{"href":"https:\/\/repartoutvelo.fr\/index.php\/wp-json\/wp\/v2\/types\/page"}],"author":[{"embeddable":true,"href":"https:\/\/repartoutvelo.fr\/index.php\/wp-json\/wp\/v2\/users\/1"}],"replies":[{"embeddable":true,"href":"https:\/\/repartoutvelo.fr\/index.php\/wp-json\/wp\/v2\/comments?post=1278"}],"version-history":[{"count":20,"href":"https:\/\/repartoutvelo.fr\/index.php\/wp-json\/wp\/v2\/pages\/1278\/revisions"}],"predecessor-version":[{"id":1317,"href":"https:\/\/repartoutvelo.fr\/index.php\/wp-json\/wp\/v2\/pages\/1278\/revisions\/1317"}],"wp:attachment":[{"href":"https:\/\/repartoutvelo.fr\/index.php\/wp-json\/wp\/v2\/media?parent=1278"}],"curies":[{"name":"wp","href":"https:\/\/api.w.org\/{rel}","templated":true}]}}