{"id":563,"date":"2022-01-02T13:33:07","date_gmt":"2022-01-02T12:33:07","guid":{"rendered":"https:\/\/repartoutvelo.fr\/?page_id=563"},"modified":"2023-12-14T15:30:54","modified_gmt":"2023-12-14T14:30:54","slug":"on-parle-de-latelier","status":"publish","type":"page","link":"https:\/\/repartoutvelo.fr\/index.php\/on-parle-de-latelier\/","title":{"rendered":"On parle de l&#8217;atelier&#8230;"},"content":{"rendered":"\n<p>voici l&#8217;article du progr\u00e8s paru le 24\/12\/2022!<\/p>\n\n\n\n<figure class=\"wp-block-image size-large is-resized\"><img loading=\"lazy\" decoding=\"async\" width=\"1024\" height=\"906\" src=\"https:\/\/repartoutvelo.fr\/wp-content\/uploads\/2022\/01\/progres-1-1024x906.jpg\" alt=\"\" class=\"wp-image-564\" style=\"width:874px;height:773px\" srcset=\"https:\/\/repartoutvelo.fr\/wp-content\/uploads\/2022\/01\/progres-1-1024x906.jpg 1024w, https:\/\/repartoutvelo.fr\/wp-content\/uploads\/2022\/01\/progres-1-300x266.jpg 300w, https:\/\/repartoutvelo.fr\/wp-content\/uploads\/2022\/01\/progres-1-768x680.jpg 768w, https:\/\/repartoutvelo.fr\/wp-content\/uploads\/2022\/01\/progres-1-600x531.jpg 600w, https:\/\/repartoutvelo.fr\/wp-content\/uploads\/2022\/01\/progres-1.jpg 1071w\" sizes=\"auto, (max-width: 1024px) 100vw, 1024px\" \/><\/figure>\n","protected":false},"excerpt":{"rendered":"<p>voici l&#8217;article du progr\u00e8s paru le 24\/12\/2022!<\/p>\n","protected":false},"author":1,"featured_media":0,"parent":0,"menu_order":0,"comment_status":"closed","ping_status":"closed","template":"","meta":{"_monsterinsights_skip_tracking":false,"_monsterinsights_sitenote_active":false,"_monsterinsights_sitenote_note":"","_monsterinsights_sitenote_category":0,"ocean_post_layout":"","ocean_both_sidebars_style":"","ocean_both_sidebars_content_width":0,"ocean_both_sidebars_sidebars_width":0,"ocean_sidebar":"0","ocean_second_sidebar":"0","ocean_disable_margins":"enable","ocean_add_body_class":"","ocean_shortcode_before_top_bar":"","ocean_shortcode_after_top_bar":"","ocean_shortcode_before_header":"","ocean_shortcode_after_header":"","ocean_has_shortcode":"","ocean_shortcode_after_title":"","ocean_shortcode_before_footer_widgets":"","ocean_shortcode_after_footer_widgets":"","ocean_shortcode_before_footer_bottom":"","ocean_shortcode_after_footer_bottom":"","ocean_display_top_bar":"default","ocean_display_header":"default","ocean_header_style":"","ocean_center_header_left_menu":"0","ocean_custom_header_template":"0","ocean_custom_logo":0,"ocean_custom_retina_logo":0,"ocean_custom_logo_max_width":0,"ocean_custom_logo_tablet_max_width":0,"ocean_custom_logo_mobile_max_width":0,"ocean_custom_logo_max_height":0,"ocean_custom_logo_tablet_max_height":0,"ocean_custom_logo_mobile_max_height":0,"ocean_header_custom_menu":"0","ocean_menu_typo_font_family":"0","ocean_menu_typo_font_subset":"","ocean_menu_typo_font_size":0,"ocean_menu_typo_font_size_tablet":0,"ocean_menu_typo_font_size_mobile":0,"ocean_menu_typo_font_size_unit":"px","ocean_menu_typo_font_weight":"","ocean_menu_typo_font_weight_tablet":"","ocean_menu_typo_font_weight_mobile":"","ocean_menu_typo_transform":"","ocean_menu_typo_transform_tablet":"","ocean_menu_typo_transform_mobile":"","ocean_menu_typo_line_height":0,"ocean_menu_typo_line_height_tablet":0,"ocean_menu_typo_line_height_mobile":0,"ocean_menu_typo_line_height_unit":"","ocean_menu_typo_spacing":0,"ocean_menu_typo_spacing_tablet":0,"ocean_menu_typo_spacing_mobile":0,"ocean_menu_typo_spacing_unit":"","ocean_menu_link_color":"","ocean_menu_link_color_hover":"","ocean_menu_link_color_active":"","ocean_menu_link_background":"","ocean_menu_link_hover_background":"","ocean_menu_link_active_background":"","ocean_menu_social_links_bg":"","ocean_menu_social_hover_links_bg":"","ocean_menu_social_links_color":"","ocean_menu_social_hover_links_color":"","ocean_disable_title":"default","ocean_disable_heading":"default","ocean_post_title":"","ocean_post_subheading":"","ocean_post_title_style":"","ocean_post_title_background_color":"","ocean_post_title_background":0,"ocean_post_title_bg_image_position":"","ocean_post_title_bg_image_attachment":"","ocean_post_title_bg_image_repeat":"","ocean_post_title_bg_image_size":"","ocean_post_title_height":0,"ocean_post_title_bg_overlay":0.5,"ocean_post_title_bg_overlay_color":"","ocean_disable_breadcrumbs":"default","ocean_breadcrumbs_color":"","ocean_breadcrumbs_separator_color":"","ocean_breadcrumbs_links_color":"","ocean_breadcrumbs_links_hover_color":"","ocean_display_footer_widgets":"default","ocean_display_footer_bottom":"default","ocean_custom_footer_template":"0","footnotes":""},"class_list":["post-563","page","type-page","status-publish","hentry","entry","owp-thumbs-layout-horizontal","owp-btn-normal","owp-tabs-layout-horizontal","has-no-thumbnails","has-product-nav"],"yoast_head":"<!-- This site is optimized with the Yoast SEO plugin v27.4 - https:\/\/yoast.com\/product\/yoast-seo-wordpress\/ -->\n<title>On parle de l&#039;atelier... - R\u00e9partoutV\u00e9lo<\/title>\n<meta name=\"robots\" content=\"index, follow, max-snippet:-1, max-image-preview:large, max-video-preview:-1\" \/>\n<link rel=\"canonical\" href=\"https:\/\/repartoutvelo.fr\/index.php\/on-parle-de-latelier\/\" \/>\n<meta property=\"og:locale\" content=\"fr_FR\" \/>\n<meta property=\"og:type\" content=\"article\" \/>\n<meta property=\"og:title\" content=\"On parle de l&#039;atelier... - R\u00e9partoutV\u00e9lo\" \/>\n<meta property=\"og:description\" content=\"voici l&#8217;article du progr\u00e8s paru le 24\/12\/2022!\" \/>\n<meta property=\"og:url\" content=\"https:\/\/repartoutvelo.fr\/index.php\/on-parle-de-latelier\/\" \/>\n<meta property=\"og:site_name\" content=\"R\u00e9partoutV\u00e9lo\" \/>\n<meta property=\"article:publisher\" content=\"https:\/\/www.facebook.com\/repartoutvelo\" \/>\n<meta property=\"article:modified_time\" content=\"2023-12-14T14:30:54+00:00\" \/>\n<meta property=\"og:image\" content=\"https:\/\/repartoutvelo.fr\/wp-content\/uploads\/2022\/01\/progres-1-1024x906.jpg\" \/>\n<meta name=\"twitter:card\" content=\"summary_large_image\" \/>\n<meta name=\"twitter:label1\" content=\"Dur\u00e9e de lecture estim\u00e9e\" \/>\n\t<meta name=\"twitter:data1\" content=\"1 minute\" \/>\n<script type=\"application\/ld+json\" class=\"yoast-schema-graph\">{\"@context\":\"https:\\\/\\\/schema.org\",\"@graph\":[{\"@type\":\"WebPage\",\"@id\":\"https:\\\/\\\/repartoutvelo.fr\\\/index.php\\\/on-parle-de-latelier\\\/\",\"url\":\"https:\\\/\\\/repartoutvelo.fr\\\/index.php\\\/on-parle-de-latelier\\\/\",\"name\":\"On parle de l'atelier... - R\u00e9partoutV\u00e9lo\",\"isPartOf\":{\"@id\":\"https:\\\/\\\/repartoutvelo.fr\\\/#website\"},\"primaryImageOfPage\":{\"@id\":\"https:\\\/\\\/repartoutvelo.fr\\\/index.php\\\/on-parle-de-latelier\\\/#primaryimage\"},\"image\":{\"@id\":\"https:\\\/\\\/repartoutvelo.fr\\\/index.php\\\/on-parle-de-latelier\\\/#primaryimage\"},\"thumbnailUrl\":\"https:\\\/\\\/repartoutvelo.fr\\\/wp-content\\\/uploads\\\/2022\\\/01\\\/progres-1-1024x906.jpg\",\"datePublished\":\"2022-01-02T12:33:07+00:00\",\"dateModified\":\"2023-12-14T14:30:54+00:00\",\"breadcrumb\":{\"@id\":\"https:\\\/\\\/repartoutvelo.fr\\\/index.php\\\/on-parle-de-latelier\\\/#breadcrumb\"},\"inLanguage\":\"fr-FR\",\"potentialAction\":[{\"@type\":\"ReadAction\",\"target\":[\"https:\\\/\\\/repartoutvelo.fr\\\/index.php\\\/on-parle-de-latelier\\\/\"]}]},{\"@type\":\"ImageObject\",\"inLanguage\":\"fr-FR\",\"@id\":\"https:\\\/\\\/repartoutvelo.fr\\\/index.php\\\/on-parle-de-latelier\\\/#primaryimage\",\"url\":\"https:\\\/\\\/repartoutvelo.fr\\\/wp-content\\\/uploads\\\/2022\\\/01\\\/progres-1-1024x906.jpg\",\"contentUrl\":\"https:\\\/\\\/repartoutvelo.fr\\\/wp-content\\\/uploads\\\/2022\\\/01\\\/progres-1-1024x906.jpg\"},{\"@type\":\"BreadcrumbList\",\"@id\":\"https:\\\/\\\/repartoutvelo.fr\\\/index.php\\\/on-parle-de-latelier\\\/#breadcrumb\",\"itemListElement\":[{\"@type\":\"ListItem\",\"position\":1,\"name\":\"Accueil\",\"item\":\"https:\\\/\\\/repartoutvelo.fr\\\/\"},{\"@type\":\"ListItem\",\"position\":2,\"name\":\"On parle de l&#8217;atelier&#8230;\"}]},{\"@type\":\"WebSite\",\"@id\":\"https:\\\/\\\/repartoutvelo.fr\\\/#website\",\"url\":\"https:\\\/\\\/repartoutvelo.fr\\\/\",\"name\":\"R\u00e9partoutV\u00e9lo\",\"description\":\"Votre SAV de l&#039;Ouest Lyonnais\",\"publisher\":{\"@id\":\"https:\\\/\\\/repartoutvelo.fr\\\/#organization\"},\"potentialAction\":[{\"@type\":\"SearchAction\",\"target\":{\"@type\":\"EntryPoint\",\"urlTemplate\":\"https:\\\/\\\/repartoutvelo.fr\\\/?s={search_term_string}\"},\"query-input\":{\"@type\":\"PropertyValueSpecification\",\"valueRequired\":true,\"valueName\":\"search_term_string\"}}],\"inLanguage\":\"fr-FR\"},{\"@type\":\"Organization\",\"@id\":\"https:\\\/\\\/repartoutvelo.fr\\\/#organization\",\"name\":\"R\u00e9partoutV\u00e9lo\",\"url\":\"https:\\\/\\\/repartoutvelo.fr\\\/\",\"logo\":{\"@type\":\"ImageObject\",\"inLanguage\":\"fr-FR\",\"@id\":\"https:\\\/\\\/repartoutvelo.fr\\\/#\\\/schema\\\/logo\\\/image\\\/\",\"url\":\"https:\\\/\\\/repartoutvelo.fr\\\/wp-content\\\/uploads\\\/2021\\\/08\\\/cropped-2_logo_sec_coul_baseline.png\",\"contentUrl\":\"https:\\\/\\\/repartoutvelo.fr\\\/wp-content\\\/uploads\\\/2021\\\/08\\\/cropped-2_logo_sec_coul_baseline.png\",\"width\":1906,\"height\":907,\"caption\":\"R\u00e9partoutV\u00e9lo\"},\"image\":{\"@id\":\"https:\\\/\\\/repartoutvelo.fr\\\/#\\\/schema\\\/logo\\\/image\\\/\"},\"sameAs\":[\"https:\\\/\\\/www.facebook.com\\\/repartoutvelo\",\"https:\\\/\\\/www.instagram.com\\\/repartoutvelo\"]}]}<\/script>\n<!-- \/ Yoast SEO plugin. -->","yoast_head_json":{"title":"On parle de l'atelier... - R\u00e9partoutV\u00e9lo","robots":{"index":"index","follow":"follow","max-snippet":"max-snippet:-1","max-image-preview":"max-image-preview:large","max-video-preview":"max-video-preview:-1"},"canonical":"https:\/\/repartoutvelo.fr\/index.php\/on-parle-de-latelier\/","og_locale":"fr_FR","og_type":"article","og_title":"On parle de l'atelier... - R\u00e9partoutV\u00e9lo","og_description":"voici l&#8217;article du progr\u00e8s paru le 24\/12\/2022!","og_url":"https:\/\/repartoutvelo.fr\/index.php\/on-parle-de-latelier\/","og_site_name":"R\u00e9partoutV\u00e9lo","article_publisher":"https:\/\/www.facebook.com\/repartoutvelo","article_modified_time":"2023-12-14T14:30:54+00:00","og_image":[{"url":"https:\/\/repartoutvelo.fr\/wp-content\/uploads\/2022\/01\/progres-1-1024x906.jpg","type":"","width":"","height":""}],"twitter_card":"summary_large_image","twitter_misc":{"Dur\u00e9e de lecture estim\u00e9e":"1 minute"},"schema":{"@context":"https:\/\/schema.org","@graph":[{"@type":"WebPage","@id":"https:\/\/repartoutvelo.fr\/index.php\/on-parle-de-latelier\/","url":"https:\/\/repartoutvelo.fr\/index.php\/on-parle-de-latelier\/","name":"On parle de l'atelier... - R\u00e9partoutV\u00e9lo","isPartOf":{"@id":"https:\/\/repartoutvelo.fr\/#website"},"primaryImageOfPage":{"@id":"https:\/\/repartoutvelo.fr\/index.php\/on-parle-de-latelier\/#primaryimage"},"image":{"@id":"https:\/\/repartoutvelo.fr\/index.php\/on-parle-de-latelier\/#primaryimage"},"thumbnailUrl":"https:\/\/repartoutvelo.fr\/wp-content\/uploads\/2022\/01\/progres-1-1024x906.jpg","datePublished":"2022-01-02T12:33:07+00:00","dateModified":"2023-12-14T14:30:54+00:00","breadcrumb":{"@id":"https:\/\/repartoutvelo.fr\/index.php\/on-parle-de-latelier\/#breadcrumb"},"inLanguage":"fr-FR","potentialAction":[{"@type":"ReadAction","target":["https:\/\/repartoutvelo.fr\/index.php\/on-parle-de-latelier\/"]}]},{"@type":"ImageObject","inLanguage":"fr-FR","@id":"https:\/\/repartoutvelo.fr\/index.php\/on-parle-de-latelier\/#primaryimage","url":"https:\/\/repartoutvelo.fr\/wp-content\/uploads\/2022\/01\/progres-1-1024x906.jpg","contentUrl":"https:\/\/repartoutvelo.fr\/wp-content\/uploads\/2022\/01\/progres-1-1024x906.jpg"},{"@type":"BreadcrumbList","@id":"https:\/\/repartoutvelo.fr\/index.php\/on-parle-de-latelier\/#breadcrumb","itemListElement":[{"@type":"ListItem","position":1,"name":"Accueil","item":"https:\/\/repartoutvelo.fr\/"},{"@type":"ListItem","position":2,"name":"On parle de l&#8217;atelier&#8230;"}]},{"@type":"WebSite","@id":"https:\/\/repartoutvelo.fr\/#website","url":"https:\/\/repartoutvelo.fr\/","name":"R\u00e9partoutV\u00e9lo","description":"Votre SAV de l&#039;Ouest Lyonnais","publisher":{"@id":"https:\/\/repartoutvelo.fr\/#organization"},"potentialAction":[{"@type":"SearchAction","target":{"@type":"EntryPoint","urlTemplate":"https:\/\/repartoutvelo.fr\/?s={search_term_string}"},"query-input":{"@type":"PropertyValueSpecification","valueRequired":true,"valueName":"search_term_string"}}],"inLanguage":"fr-FR"},{"@type":"Organization","@id":"https:\/\/repartoutvelo.fr\/#organization","name":"R\u00e9partoutV\u00e9lo","url":"https:\/\/repartoutvelo.fr\/","logo":{"@type":"ImageObject","inLanguage":"fr-FR","@id":"https:\/\/repartoutvelo.fr\/#\/schema\/logo\/image\/","url":"https:\/\/repartoutvelo.fr\/wp-content\/uploads\/2021\/08\/cropped-2_logo_sec_coul_baseline.png","contentUrl":"https:\/\/repartoutvelo.fr\/wp-content\/uploads\/2021\/08\/cropped-2_logo_sec_coul_baseline.png","width":1906,"height":907,"caption":"R\u00e9partoutV\u00e9lo"},"image":{"@id":"https:\/\/repartoutvelo.fr\/#\/schema\/logo\/image\/"},"sameAs":["https:\/\/www.facebook.com\/repartoutvelo","https:\/\/www.instagram.com\/repartoutvelo"]}]}},"_links":{"self":[{"href":"https:\/\/repartoutvelo.fr\/index.php\/wp-json\/wp\/v2\/pages\/563","targetHints":{"allow":["GET"]}}],"collection":[{"href":"https:\/\/repartoutvelo.fr\/index.php\/wp-json\/wp\/v2\/pages"}],"about":[{"href":"https:\/\/repartoutvelo.fr\/index.php\/wp-json\/wp\/v2\/types\/page"}],"author":[{"embeddable":true,"href":"https:\/\/repartoutvelo.fr\/index.php\/wp-json\/wp\/v2\/users\/1"}],"replies":[{"embeddable":true,"href":"https:\/\/repartoutvelo.fr\/index.php\/wp-json\/wp\/v2\/comments?post=563"}],"version-history":[{"count":3,"href":"https:\/\/repartoutvelo.fr\/index.php\/wp-json\/wp\/v2\/pages\/563\/revisions"}],"predecessor-version":[{"id":955,"href":"https:\/\/repartoutvelo.fr\/index.php\/wp-json\/wp\/v2\/pages\/563\/revisions\/955"}],"wp:attachment":[{"href":"https:\/\/repartoutvelo.fr\/index.php\/wp-json\/wp\/v2\/media?parent=563"}],"curies":[{"name":"wp","href":"https:\/\/api.w.org\/{rel}","templated":true}]}}