{"id":1071,"date":"2024-06-04T13:51:20","date_gmt":"2024-06-04T11:51:20","guid":{"rendered":"https:\/\/repartoutvelo.fr\/?post_type=product&#038;p=1071"},"modified":"2024-06-04T14:03:38","modified_gmt":"2024-06-04T12:03:38","slug":"sacoche-arriere-velo-hapo-g-roll-top-bleu-maxi-convertible-sac-a-dos-61x33x16cm","status":"publish","type":"product","link":"https:\/\/repartoutvelo.fr\/index.php\/produit\/sacoche-arriere-velo-hapo-g-roll-top-bleu-maxi-convertible-sac-a-dos-61x33x16cm\/","title":{"rendered":"SACOCHE ARRIERE VELO HAPO.G 25L CONVERTIBLE SAC A DOS (61x33x16cm)"},"content":{"rendered":"<section class=\"page-product-box\">\n<div>25 Litres<\/div>\n<div class=\"page-product-content active\">Fermeture roll-top magn\u00e9tique.<br \/>\n\u2022 Poche lat\u00e9rale pour mettre une bouteille.<br \/>\n\u2022 Poche lat\u00e9rale avec filet interne et zip pour acc\u00e9der \u00e0 l\u2019int\u00e9rieur du sac.<br \/>\n\u2022 Poche frontale.<br \/>\n\u2022 Poche int\u00e9rieure avec protection mousse pour ordinateur 15\u2019\u2019 et multiples poches de rangement.<br \/>\n\u2022 Possibilit\u00e9 d\u2019accrocher un \u00e9clairage sur l\u2019avant.<br \/>\n\u2022 Multiples boucles et sangles pour accrocher des objets (casque, antivol&#8230;).<br \/>\n\u2022 Bretelle gauche avec une poche pour t\u00e9l\u00e9phone.<br \/>\n\u2022 Sangle pectorale r\u00e9glable en hauteur et largeur. Elle peut servir de syst\u00e8me anti-ballotement en mode v\u00e9lo.<br \/>\n\u2022 Pr\u00e9sence d\u2019\u00e9lastiques au niveau des sangles pour \u00e9viter leur libre mouvement.<br \/>\n\u2022 Patins de protection sur le dessous du sac.<br \/>\n\u2022 Zipper waterproof.<br \/>\n\u2022 Mat\u00e9riel d\u00e9perlant : polyester enduit PU.<br \/>\n\u2022 Possibilit\u00e9 de glisser les bretelles dans des poches extensibles situ\u00e9es \u00e0 l\u2019arri\u00e8re du sac pour \u00e9viter qu\u2019elles<br \/>\ns\u2019accrochent dans les rayons en mode v\u00e9lo.<br \/>\nFixation porte-bagages par crochets<\/div>\n<\/section>\n<section class=\"page-product-box\">\n<h2 class=\"page-product-heading\">CARACT\u00c9RISTIQUES<\/h2>\n<div class=\"page-product-content\">\n<table class=\"table-data-sheet\">\n<tbody>\n<tr class=\"odd\">\n<td>Nom Du Produit<\/td>\n<td>SACOCHE<\/td>\n<\/tr>\n<tr class=\"even\">\n<td>Utilisation Du Produit<\/td>\n<td>URBAIN<\/td>\n<\/tr>\n<tr class=\"odd\">\n<td>Mod\u00e8le Du Produit<\/td>\n<td>ROLL-TOP<\/td>\n<\/tr>\n<tr class=\"even\">\n<td>Couleur<\/td>\n<td>BLEU<\/td>\n<\/tr>\n<tr class=\"odd\">\n<td>Hauteur<\/td>\n<td>16 CM<\/td>\n<\/tr>\n<tr class=\"even\">\n<td>Longueur<\/td>\n<td>61 CM<\/td>\n<\/tr>\n<tr class=\"odd\">\n<td>Position<\/td>\n<td>ARRI\u00c8RE<\/td>\n<\/tr>\n<tr class=\"even\">\n<td>Largeur<\/td>\n<td>33 CM<\/td>\n<\/tr>\n<tr class=\"odd\">\n<td>Type De Fixation<\/td>\n<td>PAR CROCHETS SUR PORTE BAGAGE<\/td>\n<\/tr>\n<tr class=\"even\">\n<td><\/td>\n<td><\/td>\n<\/tr>\n<tr class=\"odd\">\n<td><\/td>\n<td><\/td>\n<\/tr>\n<tr class=\"even\">\n<td><\/td>\n<td><\/td>\n<\/tr>\n<\/tbody>\n<\/table>\n<\/div>\n<\/section>\n","protected":false},"excerpt":{"rendered":"<p><img loading=\"lazy\" decoding=\"async\" class=\"alignnone size-full wp-image-1074\" src=\"http:\/\/repartoutvelo.fr\/wp-content\/uploads\/2024\/06\/sac3.png\" alt=\"\" width=\"410\" height=\"538\" srcset=\"https:\/\/repartoutvelo.fr\/wp-content\/uploads\/2024\/06\/sac3.png 410w, https:\/\/repartoutvelo.fr\/wp-content\/uploads\/2024\/06\/sac3-229x300.png 229w, https:\/\/repartoutvelo.fr\/wp-content\/uploads\/2024\/06\/sac3-38x50.png 38w, https:\/\/repartoutvelo.fr\/wp-content\/uploads\/2024\/06\/sac3-76x100.png 76w\" sizes=\"auto, (max-width: 410px) 100vw, 410px\" \/><img loading=\"lazy\" decoding=\"async\" class=\"alignnone size-full wp-image-1073\" src=\"http:\/\/repartoutvelo.fr\/wp-content\/uploads\/2024\/06\/sac2.png\" alt=\"\" width=\"547\" height=\"552\" srcset=\"https:\/\/repartoutvelo.fr\/wp-content\/uploads\/2024\/06\/sac2.png 547w, https:\/\/repartoutvelo.fr\/wp-content\/uploads\/2024\/06\/sac2-297x300.png 297w, https:\/\/repartoutvelo.fr\/wp-content\/uploads\/2024\/06\/sac2-150x150.png 150w, https:\/\/repartoutvelo.fr\/wp-content\/uploads\/2024\/06\/sac2-50x50.png 50w, https:\/\/repartoutvelo.fr\/wp-content\/uploads\/2024\/06\/sac2-100x100.png 100w\" sizes=\"auto, (max-width: 547px) 100vw, 547px\" \/><\/p>\n","protected":false},"featured_media":1072,"template":"","meta":{"_monsterinsights_skip_tracking":false,"_monsterinsights_sitenote_active":false,"_monsterinsights_sitenote_note":"","_monsterinsights_sitenote_category":0,"ocean_post_layout":"","ocean_both_sidebars_style":"","ocean_both_sidebars_content_width":0,"ocean_both_sidebars_sidebars_width":0,"ocean_sidebar":"0","ocean_second_sidebar":"0","ocean_disable_margins":"enable","ocean_add_body_class":"","ocean_shortcode_before_top_bar":"","ocean_shortcode_after_top_bar":"","ocean_shortcode_before_header":"","ocean_shortcode_after_header":"","ocean_has_shortcode":"","ocean_shortcode_after_title":"","ocean_shortcode_before_footer_widgets":"","ocean_shortcode_after_footer_widgets":"","ocean_shortcode_before_footer_bottom":"","ocean_shortcode_after_footer_bottom":"","ocean_display_top_bar":"default","ocean_display_header":"default","ocean_header_style":"","ocean_center_header_left_menu":"0","ocean_custom_header_template":"0","ocean_custom_logo":0,"ocean_custom_retina_logo":0,"ocean_custom_logo_max_width":0,"ocean_custom_logo_tablet_max_width":0,"ocean_custom_logo_mobile_max_width":0,"ocean_custom_logo_max_height":0,"ocean_custom_logo_tablet_max_height":0,"ocean_custom_logo_mobile_max_height":0,"ocean_header_custom_menu":"0","ocean_menu_typo_font_family":"0","ocean_menu_typo_font_subset":"","ocean_menu_typo_font_size":0,"ocean_menu_typo_font_size_tablet":0,"ocean_menu_typo_font_size_mobile":0,"ocean_menu_typo_font_size_unit":"px","ocean_menu_typo_font_weight":"","ocean_menu_typo_font_weight_tablet":"","ocean_menu_typo_font_weight_mobile":"","ocean_menu_typo_transform":"","ocean_menu_typo_transform_tablet":"","ocean_menu_typo_transform_mobile":"","ocean_menu_typo_line_height":0,"ocean_menu_typo_line_height_tablet":0,"ocean_menu_typo_line_height_mobile":0,"ocean_menu_typo_line_height_unit":"","ocean_menu_typo_spacing":0,"ocean_menu_typo_spacing_tablet":0,"ocean_menu_typo_spacing_mobile":0,"ocean_menu_typo_spacing_unit":"","ocean_menu_link_color":"","ocean_menu_link_color_hover":"","ocean_menu_link_color_active":"","ocean_menu_link_background":"","ocean_menu_link_hover_background":"","ocean_menu_link_active_background":"","ocean_menu_social_links_bg":"","ocean_menu_social_hover_links_bg":"","ocean_menu_social_links_color":"","ocean_menu_social_hover_links_color":"","ocean_disable_title":"default","ocean_disable_heading":"default","ocean_post_title":"","ocean_post_subheading":"","ocean_post_title_style":"","ocean_post_title_background_color":"","ocean_post_title_background":0,"ocean_post_title_bg_image_position":"","ocean_post_title_bg_image_attachment":"","ocean_post_title_bg_image_repeat":"","ocean_post_title_bg_image_size":"","ocean_post_title_height":0,"ocean_post_title_bg_overlay":0.5,"ocean_post_title_bg_overlay_color":"","ocean_disable_breadcrumbs":"default","ocean_breadcrumbs_color":"","ocean_breadcrumbs_separator_color":"","ocean_breadcrumbs_links_color":"","ocean_breadcrumbs_links_hover_color":"","ocean_display_footer_widgets":"default","ocean_display_footer_bottom":"default","ocean_custom_footer_template":"0"},"product_cat":[28],"product_tag":[],"class_list":{"0":"post-1071","1":"product","2":"type-product","3":"status-publish","4":"has-post-thumbnail","6":"product_cat-bagagerie","8":"entry","9":"has-media","11":"first","12":"instock","13":"taxable","14":"shipping-taxable","15":"purchasable","16":"product-type-simple","17":"has-product-nav","18":"col","19":"span_1_of_3","20":"owp-content-center","21":"owp-thumbs-layout-horizontal","22":"owp-btn-normal","23":"owp-tabs-layout-horizontal","24":"has-no-thumbnails"},"yoast_head":"<!-- This site is optimized with the Yoast SEO plugin v27.4 - https:\/\/yoast.com\/product\/yoast-seo-wordpress\/ -->\n<title>SACOCHE ARRIERE VELO HAPO.G 25L CONVERTIBLE SAC A DOS (61x33x16cm) - R\u00e9partoutV\u00e9lo<\/title>\n<meta name=\"robots\" content=\"index, follow, max-snippet:-1, max-image-preview:large, max-video-preview:-1\" \/>\n<link rel=\"canonical\" href=\"https:\/\/repartoutvelo.fr\/index.php\/produit\/sacoche-arriere-velo-hapo-g-roll-top-bleu-maxi-convertible-sac-a-dos-61x33x16cm\/\" \/>\n<meta property=\"og:locale\" content=\"fr_FR\" \/>\n<meta property=\"og:type\" content=\"article\" \/>\n<meta property=\"og:title\" content=\"SACOCHE ARRIERE VELO HAPO.G 25L CONVERTIBLE SAC A DOS (61x33x16cm) - R\u00e9partoutV\u00e9lo\" \/>\n<meta property=\"og:url\" content=\"https:\/\/repartoutvelo.fr\/index.php\/produit\/sacoche-arriere-velo-hapo-g-roll-top-bleu-maxi-convertible-sac-a-dos-61x33x16cm\/\" \/>\n<meta property=\"og:site_name\" content=\"R\u00e9partoutV\u00e9lo\" \/>\n<meta property=\"article:publisher\" content=\"https:\/\/www.facebook.com\/repartoutvelo\" \/>\n<meta property=\"article:modified_time\" content=\"2024-06-04T12:03:38+00:00\" \/>\n<meta property=\"og:image\" content=\"http:\/\/repartoutvelo.fr\/wp-content\/uploads\/2024\/06\/sac.png\" \/>\n\t<meta property=\"og:image:width\" content=\"406\" \/>\n\t<meta property=\"og:image:height\" content=\"507\" \/>\n\t<meta property=\"og:image:type\" content=\"image\/png\" \/>\n<meta name=\"twitter:card\" content=\"summary_large_image\" \/>\n<meta name=\"twitter:label1\" content=\"Dur\u00e9e de lecture estim\u00e9e\" \/>\n\t<meta name=\"twitter:data1\" content=\"2 minutes\" \/>\n<script type=\"application\/ld+json\" class=\"yoast-schema-graph\">{\"@context\":\"https:\\\/\\\/schema.org\",\"@graph\":[{\"@type\":\"WebPage\",\"@id\":\"https:\\\/\\\/repartoutvelo.fr\\\/index.php\\\/produit\\\/sacoche-arriere-velo-hapo-g-roll-top-bleu-maxi-convertible-sac-a-dos-61x33x16cm\\\/\",\"url\":\"https:\\\/\\\/repartoutvelo.fr\\\/index.php\\\/produit\\\/sacoche-arriere-velo-hapo-g-roll-top-bleu-maxi-convertible-sac-a-dos-61x33x16cm\\\/\",\"name\":\"SACOCHE ARRIERE VELO HAPO.G 25L CONVERTIBLE SAC A DOS (61x33x16cm) - R\u00e9partoutV\u00e9lo\",\"isPartOf\":{\"@id\":\"https:\\\/\\\/repartoutvelo.fr\\\/#website\"},\"primaryImageOfPage\":{\"@id\":\"https:\\\/\\\/repartoutvelo.fr\\\/index.php\\\/produit\\\/sacoche-arriere-velo-hapo-g-roll-top-bleu-maxi-convertible-sac-a-dos-61x33x16cm\\\/#primaryimage\"},\"image\":{\"@id\":\"https:\\\/\\\/repartoutvelo.fr\\\/index.php\\\/produit\\\/sacoche-arriere-velo-hapo-g-roll-top-bleu-maxi-convertible-sac-a-dos-61x33x16cm\\\/#primaryimage\"},\"thumbnailUrl\":\"https:\\\/\\\/repartoutvelo.fr\\\/wp-content\\\/uploads\\\/2024\\\/06\\\/sac.png\",\"datePublished\":\"2024-06-04T11:51:20+00:00\",\"dateModified\":\"2024-06-04T12:03:38+00:00\",\"breadcrumb\":{\"@id\":\"https:\\\/\\\/repartoutvelo.fr\\\/index.php\\\/produit\\\/sacoche-arriere-velo-hapo-g-roll-top-bleu-maxi-convertible-sac-a-dos-61x33x16cm\\\/#breadcrumb\"},\"inLanguage\":\"fr-FR\",\"potentialAction\":[{\"@type\":\"ReadAction\",\"target\":[\"https:\\\/\\\/repartoutvelo.fr\\\/index.php\\\/produit\\\/sacoche-arriere-velo-hapo-g-roll-top-bleu-maxi-convertible-sac-a-dos-61x33x16cm\\\/\"]}]},{\"@type\":\"ImageObject\",\"inLanguage\":\"fr-FR\",\"@id\":\"https:\\\/\\\/repartoutvelo.fr\\\/index.php\\\/produit\\\/sacoche-arriere-velo-hapo-g-roll-top-bleu-maxi-convertible-sac-a-dos-61x33x16cm\\\/#primaryimage\",\"url\":\"https:\\\/\\\/repartoutvelo.fr\\\/wp-content\\\/uploads\\\/2024\\\/06\\\/sac.png\",\"contentUrl\":\"https:\\\/\\\/repartoutvelo.fr\\\/wp-content\\\/uploads\\\/2024\\\/06\\\/sac.png\",\"width\":406,\"height\":507},{\"@type\":\"BreadcrumbList\",\"@id\":\"https:\\\/\\\/repartoutvelo.fr\\\/index.php\\\/produit\\\/sacoche-arriere-velo-hapo-g-roll-top-bleu-maxi-convertible-sac-a-dos-61x33x16cm\\\/#breadcrumb\",\"itemListElement\":[{\"@type\":\"ListItem\",\"position\":1,\"name\":\"Accueil\",\"item\":\"https:\\\/\\\/repartoutvelo.fr\\\/\"},{\"@type\":\"ListItem\",\"position\":2,\"name\":\"Boutique\",\"item\":\"https:\\\/\\\/repartoutvelo.fr\\\/index.php\\\/boutique\\\/\"},{\"@type\":\"ListItem\",\"position\":3,\"name\":\"SACOCHE ARRIERE VELO HAPO.G 25L CONVERTIBLE SAC A DOS (61x33x16cm)\"}]},{\"@type\":\"WebSite\",\"@id\":\"https:\\\/\\\/repartoutvelo.fr\\\/#website\",\"url\":\"https:\\\/\\\/repartoutvelo.fr\\\/\",\"name\":\"R\u00e9partoutV\u00e9lo\",\"description\":\"Votre SAV de l&#039;Ouest Lyonnais\",\"publisher\":{\"@id\":\"https:\\\/\\\/repartoutvelo.fr\\\/#organization\"},\"potentialAction\":[{\"@type\":\"SearchAction\",\"target\":{\"@type\":\"EntryPoint\",\"urlTemplate\":\"https:\\\/\\\/repartoutvelo.fr\\\/?s={search_term_string}\"},\"query-input\":{\"@type\":\"PropertyValueSpecification\",\"valueRequired\":true,\"valueName\":\"search_term_string\"}}],\"inLanguage\":\"fr-FR\"},{\"@type\":\"Organization\",\"@id\":\"https:\\\/\\\/repartoutvelo.fr\\\/#organization\",\"name\":\"R\u00e9partoutV\u00e9lo\",\"url\":\"https:\\\/\\\/repartoutvelo.fr\\\/\",\"logo\":{\"@type\":\"ImageObject\",\"inLanguage\":\"fr-FR\",\"@id\":\"https:\\\/\\\/repartoutvelo.fr\\\/#\\\/schema\\\/logo\\\/image\\\/\",\"url\":\"https:\\\/\\\/repartoutvelo.fr\\\/wp-content\\\/uploads\\\/2021\\\/08\\\/cropped-2_logo_sec_coul_baseline.png\",\"contentUrl\":\"https:\\\/\\\/repartoutvelo.fr\\\/wp-content\\\/uploads\\\/2021\\\/08\\\/cropped-2_logo_sec_coul_baseline.png\",\"width\":1906,\"height\":907,\"caption\":\"R\u00e9partoutV\u00e9lo\"},\"image\":{\"@id\":\"https:\\\/\\\/repartoutvelo.fr\\\/#\\\/schema\\\/logo\\\/image\\\/\"},\"sameAs\":[\"https:\\\/\\\/www.facebook.com\\\/repartoutvelo\",\"https:\\\/\\\/www.instagram.com\\\/repartoutvelo\"]}]}<\/script>\n<!-- \/ Yoast SEO plugin. -->","yoast_head_json":{"title":"SACOCHE ARRIERE VELO HAPO.G 25L CONVERTIBLE SAC A DOS (61x33x16cm) - R\u00e9partoutV\u00e9lo","robots":{"index":"index","follow":"follow","max-snippet":"max-snippet:-1","max-image-preview":"max-image-preview:large","max-video-preview":"max-video-preview:-1"},"canonical":"https:\/\/repartoutvelo.fr\/index.php\/produit\/sacoche-arriere-velo-hapo-g-roll-top-bleu-maxi-convertible-sac-a-dos-61x33x16cm\/","og_locale":"fr_FR","og_type":"article","og_title":"SACOCHE ARRIERE VELO HAPO.G 25L CONVERTIBLE SAC A DOS (61x33x16cm) - R\u00e9partoutV\u00e9lo","og_url":"https:\/\/repartoutvelo.fr\/index.php\/produit\/sacoche-arriere-velo-hapo-g-roll-top-bleu-maxi-convertible-sac-a-dos-61x33x16cm\/","og_site_name":"R\u00e9partoutV\u00e9lo","article_publisher":"https:\/\/www.facebook.com\/repartoutvelo","article_modified_time":"2024-06-04T12:03:38+00:00","og_image":[{"width":406,"height":507,"url":"http:\/\/repartoutvelo.fr\/wp-content\/uploads\/2024\/06\/sac.png","type":"image\/png"}],"twitter_card":"summary_large_image","twitter_misc":{"Dur\u00e9e de lecture estim\u00e9e":"2 minutes"},"schema":{"@context":"https:\/\/schema.org","@graph":[{"@type":"WebPage","@id":"https:\/\/repartoutvelo.fr\/index.php\/produit\/sacoche-arriere-velo-hapo-g-roll-top-bleu-maxi-convertible-sac-a-dos-61x33x16cm\/","url":"https:\/\/repartoutvelo.fr\/index.php\/produit\/sacoche-arriere-velo-hapo-g-roll-top-bleu-maxi-convertible-sac-a-dos-61x33x16cm\/","name":"SACOCHE ARRIERE VELO HAPO.G 25L CONVERTIBLE SAC A DOS (61x33x16cm) - R\u00e9partoutV\u00e9lo","isPartOf":{"@id":"https:\/\/repartoutvelo.fr\/#website"},"primaryImageOfPage":{"@id":"https:\/\/repartoutvelo.fr\/index.php\/produit\/sacoche-arriere-velo-hapo-g-roll-top-bleu-maxi-convertible-sac-a-dos-61x33x16cm\/#primaryimage"},"image":{"@id":"https:\/\/repartoutvelo.fr\/index.php\/produit\/sacoche-arriere-velo-hapo-g-roll-top-bleu-maxi-convertible-sac-a-dos-61x33x16cm\/#primaryimage"},"thumbnailUrl":"https:\/\/repartoutvelo.fr\/wp-content\/uploads\/2024\/06\/sac.png","datePublished":"2024-06-04T11:51:20+00:00","dateModified":"2024-06-04T12:03:38+00:00","breadcrumb":{"@id":"https:\/\/repartoutvelo.fr\/index.php\/produit\/sacoche-arriere-velo-hapo-g-roll-top-bleu-maxi-convertible-sac-a-dos-61x33x16cm\/#breadcrumb"},"inLanguage":"fr-FR","potentialAction":[{"@type":"ReadAction","target":["https:\/\/repartoutvelo.fr\/index.php\/produit\/sacoche-arriere-velo-hapo-g-roll-top-bleu-maxi-convertible-sac-a-dos-61x33x16cm\/"]}]},{"@type":"ImageObject","inLanguage":"fr-FR","@id":"https:\/\/repartoutvelo.fr\/index.php\/produit\/sacoche-arriere-velo-hapo-g-roll-top-bleu-maxi-convertible-sac-a-dos-61x33x16cm\/#primaryimage","url":"https:\/\/repartoutvelo.fr\/wp-content\/uploads\/2024\/06\/sac.png","contentUrl":"https:\/\/repartoutvelo.fr\/wp-content\/uploads\/2024\/06\/sac.png","width":406,"height":507},{"@type":"BreadcrumbList","@id":"https:\/\/repartoutvelo.fr\/index.php\/produit\/sacoche-arriere-velo-hapo-g-roll-top-bleu-maxi-convertible-sac-a-dos-61x33x16cm\/#breadcrumb","itemListElement":[{"@type":"ListItem","position":1,"name":"Accueil","item":"https:\/\/repartoutvelo.fr\/"},{"@type":"ListItem","position":2,"name":"Boutique","item":"https:\/\/repartoutvelo.fr\/index.php\/boutique\/"},{"@type":"ListItem","position":3,"name":"SACOCHE ARRIERE VELO HAPO.G 25L CONVERTIBLE SAC A DOS (61x33x16cm)"}]},{"@type":"WebSite","@id":"https:\/\/repartoutvelo.fr\/#website","url":"https:\/\/repartoutvelo.fr\/","name":"R\u00e9partoutV\u00e9lo","description":"Votre SAV de l&#039;Ouest Lyonnais","publisher":{"@id":"https:\/\/repartoutvelo.fr\/#organization"},"potentialAction":[{"@type":"SearchAction","target":{"@type":"EntryPoint","urlTemplate":"https:\/\/repartoutvelo.fr\/?s={search_term_string}"},"query-input":{"@type":"PropertyValueSpecification","valueRequired":true,"valueName":"search_term_string"}}],"inLanguage":"fr-FR"},{"@type":"Organization","@id":"https:\/\/repartoutvelo.fr\/#organization","name":"R\u00e9partoutV\u00e9lo","url":"https:\/\/repartoutvelo.fr\/","logo":{"@type":"ImageObject","inLanguage":"fr-FR","@id":"https:\/\/repartoutvelo.fr\/#\/schema\/logo\/image\/","url":"https:\/\/repartoutvelo.fr\/wp-content\/uploads\/2021\/08\/cropped-2_logo_sec_coul_baseline.png","contentUrl":"https:\/\/repartoutvelo.fr\/wp-content\/uploads\/2021\/08\/cropped-2_logo_sec_coul_baseline.png","width":1906,"height":907,"caption":"R\u00e9partoutV\u00e9lo"},"image":{"@id":"https:\/\/repartoutvelo.fr\/#\/schema\/logo\/image\/"},"sameAs":["https:\/\/www.facebook.com\/repartoutvelo","https:\/\/www.instagram.com\/repartoutvelo"]}]}},"_links":{"self":[{"href":"https:\/\/repartoutvelo.fr\/index.php\/wp-json\/wp\/v2\/product\/1071","targetHints":{"allow":["GET"]}}],"collection":[{"href":"https:\/\/repartoutvelo.fr\/index.php\/wp-json\/wp\/v2\/product"}],"about":[{"href":"https:\/\/repartoutvelo.fr\/index.php\/wp-json\/wp\/v2\/types\/product"}],"wp:featuredmedia":[{"embeddable":true,"href":"https:\/\/repartoutvelo.fr\/index.php\/wp-json\/wp\/v2\/media\/1072"}],"wp:attachment":[{"href":"https:\/\/repartoutvelo.fr\/index.php\/wp-json\/wp\/v2\/media?parent=1071"}],"wp:term":[{"taxonomy":"product_cat","embeddable":true,"href":"https:\/\/repartoutvelo.fr\/index.php\/wp-json\/wp\/v2\/product_cat?post=1071"},{"taxonomy":"product_tag","embeddable":true,"href":"https:\/\/repartoutvelo.fr\/index.php\/wp-json\/wp\/v2\/product_tag?post=1071"}],"curies":[{"name":"wp","href":"https:\/\/api.w.org\/{rel}","templated":true}]}}