{"id":443,"date":"2021-11-14T17:48:23","date_gmt":"2021-11-14T16:48:23","guid":{"rendered":"https:\/\/repartoutvelo.fr\/?post_type=product&#038;p=443"},"modified":"2021-11-18T15:39:22","modified_gmt":"2021-11-18T14:39:22","slug":"chaine-sram-8v-114m-copie","status":"publish","type":"product","link":"https:\/\/repartoutvelo.fr\/index.php\/produit\/chaine-sram-8v-114m-copie\/","title":{"rendered":"CHAINE KTM 9V 114Maillons"},"content":{"rendered":"","protected":false},"excerpt":{"rendered":"<p>Cette Cha\u00eene est compatible SHIMANO, SRAM et autres d\u00e9railleurs 9 vitesses<\/p>\n<ul>\n<li>Compatible 9 vitesse<\/li>\n<li>La languette ext\u00e9rieure en forme de X rend le changement de vitesse plus rapide et l\u00e9ger.<\/li>\n<li>Tr\u00e8s r\u00e9sistante \u00e0 la rupture face aux forces diagonales.<\/li>\n<li>Stretch-Proof &#8211; usure r\u00e9duite entre les languettes int\u00e9rieures et les boulons<\/li>\n<li>Livr\u00e9 avec attache rapide\u00a0MissingLink<\/li>\n<\/ul>\n","protected":false},"featured_media":444,"template":"","meta":{"_monsterinsights_skip_tracking":false,"_monsterinsights_sitenote_active":false,"_monsterinsights_sitenote_note":"","_monsterinsights_sitenote_category":0,"ocean_post_layout":"","ocean_both_sidebars_style":"","ocean_both_sidebars_content_width":0,"ocean_both_sidebars_sidebars_width":0,"ocean_sidebar":"0","ocean_second_sidebar":"0","ocean_disable_margins":"enable","ocean_add_body_class":"","ocean_shortcode_before_top_bar":"","ocean_shortcode_after_top_bar":"","ocean_shortcode_before_header":"","ocean_shortcode_after_header":"","ocean_has_shortcode":"","ocean_shortcode_after_title":"","ocean_shortcode_before_footer_widgets":"","ocean_shortcode_after_footer_widgets":"","ocean_shortcode_before_footer_bottom":"","ocean_shortcode_after_footer_bottom":"","ocean_display_top_bar":"default","ocean_display_header":"default","ocean_header_style":"","ocean_center_header_left_menu":"0","ocean_custom_header_template":"0","ocean_custom_logo":0,"ocean_custom_retina_logo":0,"ocean_custom_logo_max_width":0,"ocean_custom_logo_tablet_max_width":0,"ocean_custom_logo_mobile_max_width":0,"ocean_custom_logo_max_height":0,"ocean_custom_logo_tablet_max_height":0,"ocean_custom_logo_mobile_max_height":0,"ocean_header_custom_menu":"0","ocean_menu_typo_font_family":"0","ocean_menu_typo_font_subset":"","ocean_menu_typo_font_size":0,"ocean_menu_typo_font_size_tablet":0,"ocean_menu_typo_font_size_mobile":0,"ocean_menu_typo_font_size_unit":"px","ocean_menu_typo_font_weight":"","ocean_menu_typo_font_weight_tablet":"","ocean_menu_typo_font_weight_mobile":"","ocean_menu_typo_transform":"","ocean_menu_typo_transform_tablet":"","ocean_menu_typo_transform_mobile":"","ocean_menu_typo_line_height":0,"ocean_menu_typo_line_height_tablet":0,"ocean_menu_typo_line_height_mobile":0,"ocean_menu_typo_line_height_unit":"","ocean_menu_typo_spacing":0,"ocean_menu_typo_spacing_tablet":0,"ocean_menu_typo_spacing_mobile":0,"ocean_menu_typo_spacing_unit":"","ocean_menu_link_color":"","ocean_menu_link_color_hover":"","ocean_menu_link_color_active":"","ocean_menu_link_background":"","ocean_menu_link_hover_background":"","ocean_menu_link_active_background":"","ocean_menu_social_links_bg":"","ocean_menu_social_hover_links_bg":"","ocean_menu_social_links_color":"","ocean_menu_social_hover_links_color":"","ocean_disable_title":"default","ocean_disable_heading":"default","ocean_post_title":"","ocean_post_subheading":"","ocean_post_title_style":"","ocean_post_title_background_color":"","ocean_post_title_background":0,"ocean_post_title_bg_image_position":"","ocean_post_title_bg_image_attachment":"","ocean_post_title_bg_image_repeat":"","ocean_post_title_bg_image_size":"","ocean_post_title_height":0,"ocean_post_title_bg_overlay":0.5,"ocean_post_title_bg_overlay_color":"","ocean_disable_breadcrumbs":"default","ocean_breadcrumbs_color":"","ocean_breadcrumbs_separator_color":"","ocean_breadcrumbs_links_color":"","ocean_breadcrumbs_links_hover_color":"","ocean_display_footer_widgets":"default","ocean_display_footer_bottom":"default","ocean_custom_footer_template":"0"},"product_cat":[24,29],"product_tag":[],"class_list":{"0":"post-443","1":"product","2":"type-product","3":"status-publish","4":"has-post-thumbnail","6":"product_cat-non-classe","7":"product_cat-transmission","9":"entry","10":"has-media","12":"first","13":"instock","14":"taxable","15":"shipping-taxable","16":"purchasable","17":"product-type-simple","18":"has-product-nav","19":"col","20":"span_1_of_3","21":"owp-content-center","22":"owp-thumbs-layout-horizontal","23":"owp-btn-normal","24":"owp-tabs-layout-horizontal","25":"has-no-thumbnails"},"yoast_head":"<!-- This site is optimized with the Yoast SEO plugin v27.5 - https:\/\/yoast.com\/product\/yoast-seo-wordpress\/ -->\n<title>CHAINE KTM 9V 114Maillons - R\u00e9partoutV\u00e9lo<\/title>\n<meta name=\"description\" content=\"La cha\u00eene SRAM PC 830 est construite selon la technologie PowerChain II \u00e0 rivets Step2 .L&#039;installation se fait sans outil gr\u00e2ce au maillon rapide PowerLink. v\u00e9los \u00e0 6, 7 ou 8 vitesses.\" \/>\n<meta name=\"robots\" content=\"index, follow, max-snippet:-1, max-image-preview:large, max-video-preview:-1\" \/>\n<link rel=\"canonical\" href=\"https:\/\/repartoutvelo.fr\/index.php\/produit\/chaine-sram-8v-114m-copie\/\" \/>\n<meta property=\"og:locale\" content=\"fr_FR\" \/>\n<meta property=\"og:type\" content=\"article\" \/>\n<meta property=\"og:title\" content=\"CHAINE KTM 9V 114Maillons - R\u00e9partoutV\u00e9lo\" \/>\n<meta property=\"og:description\" content=\"La cha\u00eene SRAM PC 830 est construite selon la technologie PowerChain II \u00e0 rivets Step2 .L&#039;installation se fait sans outil gr\u00e2ce au maillon rapide PowerLink. v\u00e9los \u00e0 6, 7 ou 8 vitesses.\" \/>\n<meta property=\"og:url\" content=\"https:\/\/repartoutvelo.fr\/index.php\/produit\/chaine-sram-8v-114m-copie\/\" \/>\n<meta property=\"og:site_name\" content=\"R\u00e9partoutV\u00e9lo\" \/>\n<meta property=\"article:publisher\" content=\"https:\/\/www.facebook.com\/repartoutvelo\" \/>\n<meta property=\"article:modified_time\" content=\"2021-11-18T14:39:22+00:00\" \/>\n<meta property=\"og:image\" content=\"https:\/\/repartoutvelo.fr\/wp-content\/uploads\/2021\/11\/chaine_9v_kmc_x9_power_link_114-Maillons.jpg\" \/>\n\t<meta property=\"og:image:width\" content=\"520\" \/>\n\t<meta property=\"og:image:height\" content=\"520\" \/>\n\t<meta property=\"og:image:type\" content=\"image\/jpeg\" \/>\n<meta name=\"twitter:card\" content=\"summary_large_image\" \/>\n<script type=\"application\/ld+json\" class=\"yoast-schema-graph\">{\"@context\":\"https:\\\/\\\/schema.org\",\"@graph\":[{\"@type\":\"WebPage\",\"@id\":\"https:\\\/\\\/repartoutvelo.fr\\\/index.php\\\/produit\\\/chaine-sram-8v-114m-copie\\\/\",\"url\":\"https:\\\/\\\/repartoutvelo.fr\\\/index.php\\\/produit\\\/chaine-sram-8v-114m-copie\\\/\",\"name\":\"CHAINE KTM 9V 114Maillons - R\u00e9partoutV\u00e9lo\",\"isPartOf\":{\"@id\":\"https:\\\/\\\/repartoutvelo.fr\\\/#website\"},\"primaryImageOfPage\":{\"@id\":\"https:\\\/\\\/repartoutvelo.fr\\\/index.php\\\/produit\\\/chaine-sram-8v-114m-copie\\\/#primaryimage\"},\"image\":{\"@id\":\"https:\\\/\\\/repartoutvelo.fr\\\/index.php\\\/produit\\\/chaine-sram-8v-114m-copie\\\/#primaryimage\"},\"thumbnailUrl\":\"https:\\\/\\\/repartoutvelo.fr\\\/wp-content\\\/uploads\\\/2021\\\/11\\\/chaine_9v_kmc_x9_power_link_114-Maillons.jpg\",\"datePublished\":\"2021-11-14T16:48:23+00:00\",\"dateModified\":\"2021-11-18T14:39:22+00:00\",\"description\":\"La cha\u00eene SRAM PC 830 est construite selon la technologie PowerChain II \u00e0 rivets Step2 .L'installation se fait sans outil gr\u00e2ce au maillon rapide PowerLink. v\u00e9los \u00e0 6, 7 ou 8 vitesses.\",\"breadcrumb\":{\"@id\":\"https:\\\/\\\/repartoutvelo.fr\\\/index.php\\\/produit\\\/chaine-sram-8v-114m-copie\\\/#breadcrumb\"},\"inLanguage\":\"fr-FR\",\"potentialAction\":[{\"@type\":\"ReadAction\",\"target\":[\"https:\\\/\\\/repartoutvelo.fr\\\/index.php\\\/produit\\\/chaine-sram-8v-114m-copie\\\/\"]}]},{\"@type\":\"ImageObject\",\"inLanguage\":\"fr-FR\",\"@id\":\"https:\\\/\\\/repartoutvelo.fr\\\/index.php\\\/produit\\\/chaine-sram-8v-114m-copie\\\/#primaryimage\",\"url\":\"https:\\\/\\\/repartoutvelo.fr\\\/wp-content\\\/uploads\\\/2021\\\/11\\\/chaine_9v_kmc_x9_power_link_114-Maillons.jpg\",\"contentUrl\":\"https:\\\/\\\/repartoutvelo.fr\\\/wp-content\\\/uploads\\\/2021\\\/11\\\/chaine_9v_kmc_x9_power_link_114-Maillons.jpg\",\"width\":520,\"height\":520},{\"@type\":\"BreadcrumbList\",\"@id\":\"https:\\\/\\\/repartoutvelo.fr\\\/index.php\\\/produit\\\/chaine-sram-8v-114m-copie\\\/#breadcrumb\",\"itemListElement\":[{\"@type\":\"ListItem\",\"position\":1,\"name\":\"Accueil\",\"item\":\"https:\\\/\\\/repartoutvelo.fr\\\/\"},{\"@type\":\"ListItem\",\"position\":2,\"name\":\"Boutique\",\"item\":\"https:\\\/\\\/repartoutvelo.fr\\\/index.php\\\/boutique\\\/\"},{\"@type\":\"ListItem\",\"position\":3,\"name\":\"CHAINE KTM 9V 114Maillons\"}]},{\"@type\":\"WebSite\",\"@id\":\"https:\\\/\\\/repartoutvelo.fr\\\/#website\",\"url\":\"https:\\\/\\\/repartoutvelo.fr\\\/\",\"name\":\"R\u00e9partoutV\u00e9lo\",\"description\":\"Votre SAV de l&#039;Ouest Lyonnais\",\"publisher\":{\"@id\":\"https:\\\/\\\/repartoutvelo.fr\\\/#organization\"},\"potentialAction\":[{\"@type\":\"SearchAction\",\"target\":{\"@type\":\"EntryPoint\",\"urlTemplate\":\"https:\\\/\\\/repartoutvelo.fr\\\/?s={search_term_string}\"},\"query-input\":{\"@type\":\"PropertyValueSpecification\",\"valueRequired\":true,\"valueName\":\"search_term_string\"}}],\"inLanguage\":\"fr-FR\"},{\"@type\":\"Organization\",\"@id\":\"https:\\\/\\\/repartoutvelo.fr\\\/#organization\",\"name\":\"R\u00e9partoutV\u00e9lo\",\"url\":\"https:\\\/\\\/repartoutvelo.fr\\\/\",\"logo\":{\"@type\":\"ImageObject\",\"inLanguage\":\"fr-FR\",\"@id\":\"https:\\\/\\\/repartoutvelo.fr\\\/#\\\/schema\\\/logo\\\/image\\\/\",\"url\":\"https:\\\/\\\/repartoutvelo.fr\\\/wp-content\\\/uploads\\\/2021\\\/08\\\/cropped-2_logo_sec_coul_baseline.png\",\"contentUrl\":\"https:\\\/\\\/repartoutvelo.fr\\\/wp-content\\\/uploads\\\/2021\\\/08\\\/cropped-2_logo_sec_coul_baseline.png\",\"width\":1906,\"height\":907,\"caption\":\"R\u00e9partoutV\u00e9lo\"},\"image\":{\"@id\":\"https:\\\/\\\/repartoutvelo.fr\\\/#\\\/schema\\\/logo\\\/image\\\/\"},\"sameAs\":[\"https:\\\/\\\/www.facebook.com\\\/repartoutvelo\",\"https:\\\/\\\/www.instagram.com\\\/repartoutvelo\"]}]}<\/script>\n<!-- \/ Yoast SEO plugin. -->","yoast_head_json":{"title":"CHAINE KTM 9V 114Maillons - R\u00e9partoutV\u00e9lo","description":"La cha\u00eene SRAM PC 830 est construite selon la technologie PowerChain II \u00e0 rivets Step2 .L'installation se fait sans outil gr\u00e2ce au maillon rapide PowerLink. v\u00e9los \u00e0 6, 7 ou 8 vitesses.","robots":{"index":"index","follow":"follow","max-snippet":"max-snippet:-1","max-image-preview":"max-image-preview:large","max-video-preview":"max-video-preview:-1"},"canonical":"https:\/\/repartoutvelo.fr\/index.php\/produit\/chaine-sram-8v-114m-copie\/","og_locale":"fr_FR","og_type":"article","og_title":"CHAINE KTM 9V 114Maillons - R\u00e9partoutV\u00e9lo","og_description":"La cha\u00eene SRAM PC 830 est construite selon la technologie PowerChain II \u00e0 rivets Step2 .L'installation se fait sans outil gr\u00e2ce au maillon rapide PowerLink. v\u00e9los \u00e0 6, 7 ou 8 vitesses.","og_url":"https:\/\/repartoutvelo.fr\/index.php\/produit\/chaine-sram-8v-114m-copie\/","og_site_name":"R\u00e9partoutV\u00e9lo","article_publisher":"https:\/\/www.facebook.com\/repartoutvelo","article_modified_time":"2021-11-18T14:39:22+00:00","og_image":[{"width":520,"height":520,"url":"https:\/\/repartoutvelo.fr\/wp-content\/uploads\/2021\/11\/chaine_9v_kmc_x9_power_link_114-Maillons.jpg","type":"image\/jpeg"}],"twitter_card":"summary_large_image","schema":{"@context":"https:\/\/schema.org","@graph":[{"@type":"WebPage","@id":"https:\/\/repartoutvelo.fr\/index.php\/produit\/chaine-sram-8v-114m-copie\/","url":"https:\/\/repartoutvelo.fr\/index.php\/produit\/chaine-sram-8v-114m-copie\/","name":"CHAINE KTM 9V 114Maillons - R\u00e9partoutV\u00e9lo","isPartOf":{"@id":"https:\/\/repartoutvelo.fr\/#website"},"primaryImageOfPage":{"@id":"https:\/\/repartoutvelo.fr\/index.php\/produit\/chaine-sram-8v-114m-copie\/#primaryimage"},"image":{"@id":"https:\/\/repartoutvelo.fr\/index.php\/produit\/chaine-sram-8v-114m-copie\/#primaryimage"},"thumbnailUrl":"https:\/\/repartoutvelo.fr\/wp-content\/uploads\/2021\/11\/chaine_9v_kmc_x9_power_link_114-Maillons.jpg","datePublished":"2021-11-14T16:48:23+00:00","dateModified":"2021-11-18T14:39:22+00:00","description":"La cha\u00eene SRAM PC 830 est construite selon la technologie PowerChain II \u00e0 rivets Step2 .L'installation se fait sans outil gr\u00e2ce au maillon rapide PowerLink. v\u00e9los \u00e0 6, 7 ou 8 vitesses.","breadcrumb":{"@id":"https:\/\/repartoutvelo.fr\/index.php\/produit\/chaine-sram-8v-114m-copie\/#breadcrumb"},"inLanguage":"fr-FR","potentialAction":[{"@type":"ReadAction","target":["https:\/\/repartoutvelo.fr\/index.php\/produit\/chaine-sram-8v-114m-copie\/"]}]},{"@type":"ImageObject","inLanguage":"fr-FR","@id":"https:\/\/repartoutvelo.fr\/index.php\/produit\/chaine-sram-8v-114m-copie\/#primaryimage","url":"https:\/\/repartoutvelo.fr\/wp-content\/uploads\/2021\/11\/chaine_9v_kmc_x9_power_link_114-Maillons.jpg","contentUrl":"https:\/\/repartoutvelo.fr\/wp-content\/uploads\/2021\/11\/chaine_9v_kmc_x9_power_link_114-Maillons.jpg","width":520,"height":520},{"@type":"BreadcrumbList","@id":"https:\/\/repartoutvelo.fr\/index.php\/produit\/chaine-sram-8v-114m-copie\/#breadcrumb","itemListElement":[{"@type":"ListItem","position":1,"name":"Accueil","item":"https:\/\/repartoutvelo.fr\/"},{"@type":"ListItem","position":2,"name":"Boutique","item":"https:\/\/repartoutvelo.fr\/index.php\/boutique\/"},{"@type":"ListItem","position":3,"name":"CHAINE KTM 9V 114Maillons"}]},{"@type":"WebSite","@id":"https:\/\/repartoutvelo.fr\/#website","url":"https:\/\/repartoutvelo.fr\/","name":"R\u00e9partoutV\u00e9lo","description":"Votre SAV de l&#039;Ouest Lyonnais","publisher":{"@id":"https:\/\/repartoutvelo.fr\/#organization"},"potentialAction":[{"@type":"SearchAction","target":{"@type":"EntryPoint","urlTemplate":"https:\/\/repartoutvelo.fr\/?s={search_term_string}"},"query-input":{"@type":"PropertyValueSpecification","valueRequired":true,"valueName":"search_term_string"}}],"inLanguage":"fr-FR"},{"@type":"Organization","@id":"https:\/\/repartoutvelo.fr\/#organization","name":"R\u00e9partoutV\u00e9lo","url":"https:\/\/repartoutvelo.fr\/","logo":{"@type":"ImageObject","inLanguage":"fr-FR","@id":"https:\/\/repartoutvelo.fr\/#\/schema\/logo\/image\/","url":"https:\/\/repartoutvelo.fr\/wp-content\/uploads\/2021\/08\/cropped-2_logo_sec_coul_baseline.png","contentUrl":"https:\/\/repartoutvelo.fr\/wp-content\/uploads\/2021\/08\/cropped-2_logo_sec_coul_baseline.png","width":1906,"height":907,"caption":"R\u00e9partoutV\u00e9lo"},"image":{"@id":"https:\/\/repartoutvelo.fr\/#\/schema\/logo\/image\/"},"sameAs":["https:\/\/www.facebook.com\/repartoutvelo","https:\/\/www.instagram.com\/repartoutvelo"]}]}},"_links":{"self":[{"href":"https:\/\/repartoutvelo.fr\/index.php\/wp-json\/wp\/v2\/product\/443","targetHints":{"allow":["GET"]}}],"collection":[{"href":"https:\/\/repartoutvelo.fr\/index.php\/wp-json\/wp\/v2\/product"}],"about":[{"href":"https:\/\/repartoutvelo.fr\/index.php\/wp-json\/wp\/v2\/types\/product"}],"wp:featuredmedia":[{"embeddable":true,"href":"https:\/\/repartoutvelo.fr\/index.php\/wp-json\/wp\/v2\/media\/444"}],"wp:attachment":[{"href":"https:\/\/repartoutvelo.fr\/index.php\/wp-json\/wp\/v2\/media?parent=443"}],"wp:term":[{"taxonomy":"product_cat","embeddable":true,"href":"https:\/\/repartoutvelo.fr\/index.php\/wp-json\/wp\/v2\/product_cat?post=443"},{"taxonomy":"product_tag","embeddable":true,"href":"https:\/\/repartoutvelo.fr\/index.php\/wp-json\/wp\/v2\/product_tag?post=443"}],"curies":[{"name":"wp","href":"https:\/\/api.w.org\/{rel}","templated":true}]}}