{"id":523,"date":"2021-12-17T10:52:51","date_gmt":"2021-12-17T09:52:51","guid":{"rendered":"https:\/\/repartoutvelo.fr\/?post_type=product&#038;p=523"},"modified":"2021-12-17T10:57:13","modified_gmt":"2021-12-17T09:57:13","slug":"sacoche-porte-bagage-zefal-z-traveler-80-35l-evolutive","status":"publish","type":"product","link":"https:\/\/repartoutvelo.fr\/index.php\/produit\/sacoche-porte-bagage-zefal-z-traveler-80-35l-evolutive\/","title":{"rendered":"SACOCHE PORTE BAGAGE ZEFAL Z TRAVELER 80 35l EVOLUTIVE"},"content":{"rendered":"<h3 class=\"a-spacing-mini\">Z Traveler 80<\/h3>\n<p>Ce bagage r\u00e9sistant poss\u00e8de deux sacoches lat\u00e9rales d\u00e9pliables et une poche \u00e0 soufflet sur la partie centrale, ce qui apporte un grand volume de rangement (32 L). Le Z Traveler 80 est compatible avec tous les porte-bagages gr\u00e2ce \u00e0 un syst\u00e8me de fixation en lani\u00e8re Velcro. Dans cette sacoche vous pouvez mettre des accessoires du v\u00e9lo (antivol, bidon), des v\u00eatements, de la nourriture, trousse de soins, accessoires pour le camping (duvet, oreiller gonflable), accessoires divers (tablette, ordinateur, sac \u00e0 main, portefeuille, stylo, boussole, cam\u00e9ra) et un casque de v\u00e9lo.<\/p>\n<p>Cette sacoche s&#8217;adapte \u00e0 vos besoins et votre utilisation (urbaine, randonn\u00e9e).<\/p>\n","protected":false},"excerpt":{"rendered":"<p>Z Traveler 80 Ce bagage r\u00e9sistant poss\u00e8de deux sacoches lat\u00e9rales d\u00e9pliables et une poche \u00e0 soufflet sur la partie centrale, ce qui apporte un grand volume de rangement (32 L). Le Z Traveler 80 est compatible avec tous les porte-bagages gr\u00e2ce \u00e0 un syst\u00e8me de fixation en lani\u00e8re Velcro. Dans cette sacoche vous pouvez mettre [&hellip;]<\/p>\n","protected":false},"featured_media":524,"template":"","meta":{"_monsterinsights_skip_tracking":false,"_monsterinsights_sitenote_active":false,"_monsterinsights_sitenote_note":"","_monsterinsights_sitenote_category":0,"ocean_post_layout":"","ocean_both_sidebars_style":"","ocean_both_sidebars_content_width":0,"ocean_both_sidebars_sidebars_width":0,"ocean_sidebar":"0","ocean_second_sidebar":"0","ocean_disable_margins":"enable","ocean_add_body_class":"","ocean_shortcode_before_top_bar":"","ocean_shortcode_after_top_bar":"","ocean_shortcode_before_header":"","ocean_shortcode_after_header":"","ocean_has_shortcode":"","ocean_shortcode_after_title":"","ocean_shortcode_before_footer_widgets":"","ocean_shortcode_after_footer_widgets":"","ocean_shortcode_before_footer_bottom":"","ocean_shortcode_after_footer_bottom":"","ocean_display_top_bar":"default","ocean_display_header":"default","ocean_header_style":"","ocean_center_header_left_menu":"0","ocean_custom_header_template":"0","ocean_custom_logo":0,"ocean_custom_retina_logo":0,"ocean_custom_logo_max_width":0,"ocean_custom_logo_tablet_max_width":0,"ocean_custom_logo_mobile_max_width":0,"ocean_custom_logo_max_height":0,"ocean_custom_logo_tablet_max_height":0,"ocean_custom_logo_mobile_max_height":0,"ocean_header_custom_menu":"0","ocean_menu_typo_font_family":"0","ocean_menu_typo_font_subset":"","ocean_menu_typo_font_size":0,"ocean_menu_typo_font_size_tablet":0,"ocean_menu_typo_font_size_mobile":0,"ocean_menu_typo_font_size_unit":"px","ocean_menu_typo_font_weight":"","ocean_menu_typo_font_weight_tablet":"","ocean_menu_typo_font_weight_mobile":"","ocean_menu_typo_transform":"","ocean_menu_typo_transform_tablet":"","ocean_menu_typo_transform_mobile":"","ocean_menu_typo_line_height":0,"ocean_menu_typo_line_height_tablet":0,"ocean_menu_typo_line_height_mobile":0,"ocean_menu_typo_line_height_unit":"","ocean_menu_typo_spacing":0,"ocean_menu_typo_spacing_tablet":0,"ocean_menu_typo_spacing_mobile":0,"ocean_menu_typo_spacing_unit":"","ocean_menu_link_color":"","ocean_menu_link_color_hover":"","ocean_menu_link_color_active":"","ocean_menu_link_background":"","ocean_menu_link_hover_background":"","ocean_menu_link_active_background":"","ocean_menu_social_links_bg":"","ocean_menu_social_hover_links_bg":"","ocean_menu_social_links_color":"","ocean_menu_social_hover_links_color":"","ocean_disable_title":"default","ocean_disable_heading":"default","ocean_post_title":"","ocean_post_subheading":"","ocean_post_title_style":"","ocean_post_title_background_color":"","ocean_post_title_background":0,"ocean_post_title_bg_image_position":"","ocean_post_title_bg_image_attachment":"","ocean_post_title_bg_image_repeat":"","ocean_post_title_bg_image_size":"","ocean_post_title_height":0,"ocean_post_title_bg_overlay":0.5,"ocean_post_title_bg_overlay_color":"","ocean_disable_breadcrumbs":"default","ocean_breadcrumbs_color":"","ocean_breadcrumbs_separator_color":"","ocean_breadcrumbs_links_color":"","ocean_breadcrumbs_links_hover_color":"","ocean_display_footer_widgets":"default","ocean_display_footer_bottom":"default","ocean_custom_footer_template":"0"},"product_cat":[28],"product_tag":[],"class_list":{"0":"post-523","1":"product","2":"type-product","3":"status-publish","4":"has-post-thumbnail","6":"product_cat-bagagerie","8":"entry","9":"has-media","11":"first","12":"instock","13":"taxable","14":"shipping-taxable","15":"purchasable","16":"product-type-simple","17":"has-product-nav","18":"col","19":"span_1_of_3","20":"owp-content-center","21":"owp-thumbs-layout-horizontal","22":"owp-btn-normal","23":"owp-tabs-layout-horizontal"},"yoast_head":"<!-- This site is optimized with the Yoast SEO plugin v27.4 - https:\/\/yoast.com\/product\/yoast-seo-wordpress\/ -->\n<title>SACOCHE PORTE BAGAGE ZEFAL Z TRAVELER 80 35l EVOLUTIVE - R\u00e9partoutV\u00e9lo<\/title>\n<meta name=\"robots\" content=\"index, follow, max-snippet:-1, max-image-preview:large, max-video-preview:-1\" \/>\n<link rel=\"canonical\" href=\"https:\/\/repartoutvelo.fr\/index.php\/produit\/sacoche-porte-bagage-zefal-z-traveler-80-35l-evolutive\/\" \/>\n<meta property=\"og:locale\" content=\"fr_FR\" \/>\n<meta property=\"og:type\" content=\"article\" \/>\n<meta property=\"og:title\" content=\"SACOCHE PORTE BAGAGE ZEFAL Z TRAVELER 80 35l EVOLUTIVE - R\u00e9partoutV\u00e9lo\" \/>\n<meta property=\"og:description\" content=\"Z Traveler 80 Ce bagage r\u00e9sistant poss\u00e8de deux sacoches lat\u00e9rales d\u00e9pliables et une poche \u00e0 soufflet sur la partie centrale, ce qui apporte un grand volume de rangement (32 L). Le Z Traveler 80 est compatible avec tous les porte-bagages gr\u00e2ce \u00e0 un syst\u00e8me de fixation en lani\u00e8re Velcro. Dans cette sacoche vous pouvez mettre [&hellip;]\" \/>\n<meta property=\"og:url\" content=\"https:\/\/repartoutvelo.fr\/index.php\/produit\/sacoche-porte-bagage-zefal-z-traveler-80-35l-evolutive\/\" \/>\n<meta property=\"og:site_name\" content=\"R\u00e9partoutV\u00e9lo\" \/>\n<meta property=\"article:publisher\" content=\"https:\/\/www.facebook.com\/repartoutvelo\" \/>\n<meta property=\"article:modified_time\" content=\"2021-12-17T09:57:13+00:00\" \/>\n<meta property=\"og:image\" content=\"https:\/\/repartoutvelo.fr\/wp-content\/uploads\/2021\/12\/sacoche-zefal-evo.jpg\" \/>\n\t<meta property=\"og:image:width\" content=\"300\" \/>\n\t<meta property=\"og:image:height\" content=\"300\" \/>\n\t<meta property=\"og:image:type\" content=\"image\/jpeg\" \/>\n<meta name=\"twitter:card\" content=\"summary_large_image\" \/>\n<meta name=\"twitter:label1\" content=\"Dur\u00e9e de lecture estim\u00e9e\" \/>\n\t<meta name=\"twitter:data1\" content=\"1 minute\" \/>\n<script type=\"application\/ld+json\" class=\"yoast-schema-graph\">{\"@context\":\"https:\\\/\\\/schema.org\",\"@graph\":[{\"@type\":\"WebPage\",\"@id\":\"https:\\\/\\\/repartoutvelo.fr\\\/index.php\\\/produit\\\/sacoche-porte-bagage-zefal-z-traveler-80-35l-evolutive\\\/\",\"url\":\"https:\\\/\\\/repartoutvelo.fr\\\/index.php\\\/produit\\\/sacoche-porte-bagage-zefal-z-traveler-80-35l-evolutive\\\/\",\"name\":\"SACOCHE PORTE BAGAGE ZEFAL Z TRAVELER 80 35l EVOLUTIVE - R\u00e9partoutV\u00e9lo\",\"isPartOf\":{\"@id\":\"https:\\\/\\\/repartoutvelo.fr\\\/#website\"},\"primaryImageOfPage\":{\"@id\":\"https:\\\/\\\/repartoutvelo.fr\\\/index.php\\\/produit\\\/sacoche-porte-bagage-zefal-z-traveler-80-35l-evolutive\\\/#primaryimage\"},\"image\":{\"@id\":\"https:\\\/\\\/repartoutvelo.fr\\\/index.php\\\/produit\\\/sacoche-porte-bagage-zefal-z-traveler-80-35l-evolutive\\\/#primaryimage\"},\"thumbnailUrl\":\"https:\\\/\\\/repartoutvelo.fr\\\/wp-content\\\/uploads\\\/2021\\\/12\\\/sacoche-zefal-evo.jpg\",\"datePublished\":\"2021-12-17T09:52:51+00:00\",\"dateModified\":\"2021-12-17T09:57:13+00:00\",\"breadcrumb\":{\"@id\":\"https:\\\/\\\/repartoutvelo.fr\\\/index.php\\\/produit\\\/sacoche-porte-bagage-zefal-z-traveler-80-35l-evolutive\\\/#breadcrumb\"},\"inLanguage\":\"fr-FR\",\"potentialAction\":[{\"@type\":\"ReadAction\",\"target\":[\"https:\\\/\\\/repartoutvelo.fr\\\/index.php\\\/produit\\\/sacoche-porte-bagage-zefal-z-traveler-80-35l-evolutive\\\/\"]}]},{\"@type\":\"ImageObject\",\"inLanguage\":\"fr-FR\",\"@id\":\"https:\\\/\\\/repartoutvelo.fr\\\/index.php\\\/produit\\\/sacoche-porte-bagage-zefal-z-traveler-80-35l-evolutive\\\/#primaryimage\",\"url\":\"https:\\\/\\\/repartoutvelo.fr\\\/wp-content\\\/uploads\\\/2021\\\/12\\\/sacoche-zefal-evo.jpg\",\"contentUrl\":\"https:\\\/\\\/repartoutvelo.fr\\\/wp-content\\\/uploads\\\/2021\\\/12\\\/sacoche-zefal-evo.jpg\",\"width\":300,\"height\":300},{\"@type\":\"BreadcrumbList\",\"@id\":\"https:\\\/\\\/repartoutvelo.fr\\\/index.php\\\/produit\\\/sacoche-porte-bagage-zefal-z-traveler-80-35l-evolutive\\\/#breadcrumb\",\"itemListElement\":[{\"@type\":\"ListItem\",\"position\":1,\"name\":\"Accueil\",\"item\":\"https:\\\/\\\/repartoutvelo.fr\\\/\"},{\"@type\":\"ListItem\",\"position\":2,\"name\":\"Boutique\",\"item\":\"https:\\\/\\\/repartoutvelo.fr\\\/index.php\\\/boutique\\\/\"},{\"@type\":\"ListItem\",\"position\":3,\"name\":\"SACOCHE PORTE BAGAGE ZEFAL Z TRAVELER 80 35l EVOLUTIVE\"}]},{\"@type\":\"WebSite\",\"@id\":\"https:\\\/\\\/repartoutvelo.fr\\\/#website\",\"url\":\"https:\\\/\\\/repartoutvelo.fr\\\/\",\"name\":\"R\u00e9partoutV\u00e9lo\",\"description\":\"Votre SAV de l&#039;Ouest Lyonnais\",\"publisher\":{\"@id\":\"https:\\\/\\\/repartoutvelo.fr\\\/#organization\"},\"potentialAction\":[{\"@type\":\"SearchAction\",\"target\":{\"@type\":\"EntryPoint\",\"urlTemplate\":\"https:\\\/\\\/repartoutvelo.fr\\\/?s={search_term_string}\"},\"query-input\":{\"@type\":\"PropertyValueSpecification\",\"valueRequired\":true,\"valueName\":\"search_term_string\"}}],\"inLanguage\":\"fr-FR\"},{\"@type\":\"Organization\",\"@id\":\"https:\\\/\\\/repartoutvelo.fr\\\/#organization\",\"name\":\"R\u00e9partoutV\u00e9lo\",\"url\":\"https:\\\/\\\/repartoutvelo.fr\\\/\",\"logo\":{\"@type\":\"ImageObject\",\"inLanguage\":\"fr-FR\",\"@id\":\"https:\\\/\\\/repartoutvelo.fr\\\/#\\\/schema\\\/logo\\\/image\\\/\",\"url\":\"https:\\\/\\\/repartoutvelo.fr\\\/wp-content\\\/uploads\\\/2021\\\/08\\\/cropped-2_logo_sec_coul_baseline.png\",\"contentUrl\":\"https:\\\/\\\/repartoutvelo.fr\\\/wp-content\\\/uploads\\\/2021\\\/08\\\/cropped-2_logo_sec_coul_baseline.png\",\"width\":1906,\"height\":907,\"caption\":\"R\u00e9partoutV\u00e9lo\"},\"image\":{\"@id\":\"https:\\\/\\\/repartoutvelo.fr\\\/#\\\/schema\\\/logo\\\/image\\\/\"},\"sameAs\":[\"https:\\\/\\\/www.facebook.com\\\/repartoutvelo\",\"https:\\\/\\\/www.instagram.com\\\/repartoutvelo\"]}]}<\/script>\n<!-- \/ Yoast SEO plugin. -->","yoast_head_json":{"title":"SACOCHE PORTE BAGAGE ZEFAL Z TRAVELER 80 35l EVOLUTIVE - R\u00e9partoutV\u00e9lo","robots":{"index":"index","follow":"follow","max-snippet":"max-snippet:-1","max-image-preview":"max-image-preview:large","max-video-preview":"max-video-preview:-1"},"canonical":"https:\/\/repartoutvelo.fr\/index.php\/produit\/sacoche-porte-bagage-zefal-z-traveler-80-35l-evolutive\/","og_locale":"fr_FR","og_type":"article","og_title":"SACOCHE PORTE BAGAGE ZEFAL Z TRAVELER 80 35l EVOLUTIVE - R\u00e9partoutV\u00e9lo","og_description":"Z Traveler 80 Ce bagage r\u00e9sistant poss\u00e8de deux sacoches lat\u00e9rales d\u00e9pliables et une poche \u00e0 soufflet sur la partie centrale, ce qui apporte un grand volume de rangement (32 L). Le Z Traveler 80 est compatible avec tous les porte-bagages gr\u00e2ce \u00e0 un syst\u00e8me de fixation en lani\u00e8re Velcro. Dans cette sacoche vous pouvez mettre [&hellip;]","og_url":"https:\/\/repartoutvelo.fr\/index.php\/produit\/sacoche-porte-bagage-zefal-z-traveler-80-35l-evolutive\/","og_site_name":"R\u00e9partoutV\u00e9lo","article_publisher":"https:\/\/www.facebook.com\/repartoutvelo","article_modified_time":"2021-12-17T09:57:13+00:00","og_image":[{"width":300,"height":300,"url":"https:\/\/repartoutvelo.fr\/wp-content\/uploads\/2021\/12\/sacoche-zefal-evo.jpg","type":"image\/jpeg"}],"twitter_card":"summary_large_image","twitter_misc":{"Dur\u00e9e de lecture estim\u00e9e":"1 minute"},"schema":{"@context":"https:\/\/schema.org","@graph":[{"@type":"WebPage","@id":"https:\/\/repartoutvelo.fr\/index.php\/produit\/sacoche-porte-bagage-zefal-z-traveler-80-35l-evolutive\/","url":"https:\/\/repartoutvelo.fr\/index.php\/produit\/sacoche-porte-bagage-zefal-z-traveler-80-35l-evolutive\/","name":"SACOCHE PORTE BAGAGE ZEFAL Z TRAVELER 80 35l EVOLUTIVE - R\u00e9partoutV\u00e9lo","isPartOf":{"@id":"https:\/\/repartoutvelo.fr\/#website"},"primaryImageOfPage":{"@id":"https:\/\/repartoutvelo.fr\/index.php\/produit\/sacoche-porte-bagage-zefal-z-traveler-80-35l-evolutive\/#primaryimage"},"image":{"@id":"https:\/\/repartoutvelo.fr\/index.php\/produit\/sacoche-porte-bagage-zefal-z-traveler-80-35l-evolutive\/#primaryimage"},"thumbnailUrl":"https:\/\/repartoutvelo.fr\/wp-content\/uploads\/2021\/12\/sacoche-zefal-evo.jpg","datePublished":"2021-12-17T09:52:51+00:00","dateModified":"2021-12-17T09:57:13+00:00","breadcrumb":{"@id":"https:\/\/repartoutvelo.fr\/index.php\/produit\/sacoche-porte-bagage-zefal-z-traveler-80-35l-evolutive\/#breadcrumb"},"inLanguage":"fr-FR","potentialAction":[{"@type":"ReadAction","target":["https:\/\/repartoutvelo.fr\/index.php\/produit\/sacoche-porte-bagage-zefal-z-traveler-80-35l-evolutive\/"]}]},{"@type":"ImageObject","inLanguage":"fr-FR","@id":"https:\/\/repartoutvelo.fr\/index.php\/produit\/sacoche-porte-bagage-zefal-z-traveler-80-35l-evolutive\/#primaryimage","url":"https:\/\/repartoutvelo.fr\/wp-content\/uploads\/2021\/12\/sacoche-zefal-evo.jpg","contentUrl":"https:\/\/repartoutvelo.fr\/wp-content\/uploads\/2021\/12\/sacoche-zefal-evo.jpg","width":300,"height":300},{"@type":"BreadcrumbList","@id":"https:\/\/repartoutvelo.fr\/index.php\/produit\/sacoche-porte-bagage-zefal-z-traveler-80-35l-evolutive\/#breadcrumb","itemListElement":[{"@type":"ListItem","position":1,"name":"Accueil","item":"https:\/\/repartoutvelo.fr\/"},{"@type":"ListItem","position":2,"name":"Boutique","item":"https:\/\/repartoutvelo.fr\/index.php\/boutique\/"},{"@type":"ListItem","position":3,"name":"SACOCHE PORTE BAGAGE ZEFAL Z TRAVELER 80 35l EVOLUTIVE"}]},{"@type":"WebSite","@id":"https:\/\/repartoutvelo.fr\/#website","url":"https:\/\/repartoutvelo.fr\/","name":"R\u00e9partoutV\u00e9lo","description":"Votre SAV de l&#039;Ouest Lyonnais","publisher":{"@id":"https:\/\/repartoutvelo.fr\/#organization"},"potentialAction":[{"@type":"SearchAction","target":{"@type":"EntryPoint","urlTemplate":"https:\/\/repartoutvelo.fr\/?s={search_term_string}"},"query-input":{"@type":"PropertyValueSpecification","valueRequired":true,"valueName":"search_term_string"}}],"inLanguage":"fr-FR"},{"@type":"Organization","@id":"https:\/\/repartoutvelo.fr\/#organization","name":"R\u00e9partoutV\u00e9lo","url":"https:\/\/repartoutvelo.fr\/","logo":{"@type":"ImageObject","inLanguage":"fr-FR","@id":"https:\/\/repartoutvelo.fr\/#\/schema\/logo\/image\/","url":"https:\/\/repartoutvelo.fr\/wp-content\/uploads\/2021\/08\/cropped-2_logo_sec_coul_baseline.png","contentUrl":"https:\/\/repartoutvelo.fr\/wp-content\/uploads\/2021\/08\/cropped-2_logo_sec_coul_baseline.png","width":1906,"height":907,"caption":"R\u00e9partoutV\u00e9lo"},"image":{"@id":"https:\/\/repartoutvelo.fr\/#\/schema\/logo\/image\/"},"sameAs":["https:\/\/www.facebook.com\/repartoutvelo","https:\/\/www.instagram.com\/repartoutvelo"]}]}},"_links":{"self":[{"href":"https:\/\/repartoutvelo.fr\/index.php\/wp-json\/wp\/v2\/product\/523","targetHints":{"allow":["GET"]}}],"collection":[{"href":"https:\/\/repartoutvelo.fr\/index.php\/wp-json\/wp\/v2\/product"}],"about":[{"href":"https:\/\/repartoutvelo.fr\/index.php\/wp-json\/wp\/v2\/types\/product"}],"wp:featuredmedia":[{"embeddable":true,"href":"https:\/\/repartoutvelo.fr\/index.php\/wp-json\/wp\/v2\/media\/524"}],"wp:attachment":[{"href":"https:\/\/repartoutvelo.fr\/index.php\/wp-json\/wp\/v2\/media?parent=523"}],"wp:term":[{"taxonomy":"product_cat","embeddable":true,"href":"https:\/\/repartoutvelo.fr\/index.php\/wp-json\/wp\/v2\/product_cat?post=523"},{"taxonomy":"product_tag","embeddable":true,"href":"https:\/\/repartoutvelo.fr\/index.php\/wp-json\/wp\/v2\/product_tag?post=523"}],"curies":[{"name":"wp","href":"https:\/\/api.w.org\/{rel}","templated":true}]}}