{"id":535,"date":"2021-12-17T11:15:12","date_gmt":"2021-12-17T10:15:12","guid":{"rendered":"https:\/\/repartoutvelo.fr\/?post_type=product&#038;p=535"},"modified":"2021-12-17T11:17:23","modified_gmt":"2021-12-17T10:17:23","slug":"sacoche-de-selle-zefal-z-light-pack-m","status":"publish","type":"product","link":"https:\/\/repartoutvelo.fr\/index.php\/produit\/sacoche-de-selle-zefal-z-light-pack-m\/","title":{"rendered":"SACOCHE DE SELLE ZEFAL Z LIGHT PACK M"},"content":{"rendered":"<p>Sacoche de selle\u00a0<strong>Zefal\u00a0<\/strong>de la gamme\u00a0<strong>Z Light Pack M<\/strong>\u00a0pouvant contenir 2 chambres \u00e0 air, 1 kit de r\u00e9paration, un multioutil, une cartouche Co2.<br \/>\nSa construction en polyester apporte de la l\u00e9g\u00e8ret\u00e9 et de la r\u00e9sistance dans le temps, elle est id\u00e9ale pour tous vos trajets quotidien gr\u00e2ce \u00e0 une contenance de 900ml emplement suffisante pour emporter partout avec vous vos outils de d\u00e9pannage et autre.<br \/>\nLe montage facile et rapide par sangle velcro sous la selle sera compatible avec la plupart des v\u00e9los et respectera votre v\u00e9lo sans risque de rayure.<\/p>\n<h3>D\u00e9tails :<\/h3>\n<ul>\n<li>Ouverture facile<\/li>\n<li>Attache par sangle velcro<\/li>\n<li>Mati\u00e8re : Polyester 420D Ripstop<\/li>\n<li>El\u00e9ments r\u00e9fl\u00e9chissant<\/li>\n<li>Zip impermeable<\/li>\n<li>Dimension : 180 x 95 x 70mm<\/li>\n<li>Contenance : 900ml \/ 30oz<\/li>\n<li>Poids : 95g<\/li>\n<\/ul>\n","protected":false},"excerpt":{"rendered":"<p>Sacoche de selle\u00a0Zefal\u00a0de la gamme\u00a0Z Light Pack M\u00a0pouvant contenir 2 chambres \u00e0 air, 1 kit de r\u00e9paration, un multioutil, une cartouche Co2. Sa construction en polyester apporte de la l\u00e9g\u00e8ret\u00e9 et de la r\u00e9sistance dans le temps, elle est id\u00e9ale pour tous vos trajets quotidien gr\u00e2ce \u00e0 une contenance de 900ml emplement suffisante pour emporter [&hellip;]<\/p>\n","protected":false},"featured_media":538,"template":"","meta":{"_monsterinsights_skip_tracking":false,"_monsterinsights_sitenote_active":false,"_monsterinsights_sitenote_note":"","_monsterinsights_sitenote_category":0,"ocean_post_layout":"","ocean_both_sidebars_style":"","ocean_both_sidebars_content_width":0,"ocean_both_sidebars_sidebars_width":0,"ocean_sidebar":"","ocean_second_sidebar":"","ocean_disable_margins":"enable","ocean_add_body_class":"","ocean_shortcode_before_top_bar":"","ocean_shortcode_after_top_bar":"","ocean_shortcode_before_header":"","ocean_shortcode_after_header":"","ocean_has_shortcode":"","ocean_shortcode_after_title":"","ocean_shortcode_before_footer_widgets":"","ocean_shortcode_after_footer_widgets":"","ocean_shortcode_before_footer_bottom":"","ocean_shortcode_after_footer_bottom":"","ocean_display_top_bar":"default","ocean_display_header":"default","ocean_header_style":"","ocean_center_header_left_menu":"","ocean_custom_header_template":"","ocean_custom_logo":0,"ocean_custom_retina_logo":0,"ocean_custom_logo_max_width":0,"ocean_custom_logo_tablet_max_width":0,"ocean_custom_logo_mobile_max_width":0,"ocean_custom_logo_max_height":0,"ocean_custom_logo_tablet_max_height":0,"ocean_custom_logo_mobile_max_height":0,"ocean_header_custom_menu":"","ocean_menu_typo_font_family":"","ocean_menu_typo_font_subset":"","ocean_menu_typo_font_size":0,"ocean_menu_typo_font_size_tablet":0,"ocean_menu_typo_font_size_mobile":0,"ocean_menu_typo_font_size_unit":"px","ocean_menu_typo_font_weight":"","ocean_menu_typo_font_weight_tablet":"","ocean_menu_typo_font_weight_mobile":"","ocean_menu_typo_transform":"","ocean_menu_typo_transform_tablet":"","ocean_menu_typo_transform_mobile":"","ocean_menu_typo_line_height":0,"ocean_menu_typo_line_height_tablet":0,"ocean_menu_typo_line_height_mobile":0,"ocean_menu_typo_line_height_unit":"","ocean_menu_typo_spacing":0,"ocean_menu_typo_spacing_tablet":0,"ocean_menu_typo_spacing_mobile":0,"ocean_menu_typo_spacing_unit":"","ocean_menu_link_color":"","ocean_menu_link_color_hover":"","ocean_menu_link_color_active":"","ocean_menu_link_background":"","ocean_menu_link_hover_background":"","ocean_menu_link_active_background":"","ocean_menu_social_links_bg":"","ocean_menu_social_hover_links_bg":"","ocean_menu_social_links_color":"","ocean_menu_social_hover_links_color":"","ocean_disable_title":"default","ocean_disable_heading":"default","ocean_post_title":"","ocean_post_subheading":"","ocean_post_title_style":"","ocean_post_title_background_color":"","ocean_post_title_background":0,"ocean_post_title_bg_image_position":"","ocean_post_title_bg_image_attachment":"","ocean_post_title_bg_image_repeat":"","ocean_post_title_bg_image_size":"","ocean_post_title_height":0,"ocean_post_title_bg_overlay":0.5,"ocean_post_title_bg_overlay_color":"","ocean_disable_breadcrumbs":"default","ocean_breadcrumbs_color":"","ocean_breadcrumbs_separator_color":"","ocean_breadcrumbs_links_color":"","ocean_breadcrumbs_links_hover_color":"","ocean_display_footer_widgets":"default","ocean_display_footer_bottom":"default","ocean_custom_footer_template":""},"product_cat":[28],"product_tag":[],"class_list":{"0":"post-535","1":"product","2":"type-product","3":"status-publish","4":"has-post-thumbnail","6":"product_cat-bagagerie","8":"entry","9":"has-media","11":"first","12":"instock","13":"taxable","14":"shipping-taxable","15":"purchasable","16":"product-type-simple","17":"has-product-nav","18":"col","19":"span_1_of_3","20":"owp-content-center","21":"owp-thumbs-layout-horizontal","22":"owp-btn-normal","23":"owp-tabs-layout-horizontal"},"yoast_head":"<!-- This site is optimized with the Yoast SEO plugin v27.4 - https:\/\/yoast.com\/product\/yoast-seo-wordpress\/ -->\n<title>SACOCHE DE SELLE ZEFAL Z LIGHT PACK M - R\u00e9partoutV\u00e9lo<\/title>\n<meta name=\"robots\" content=\"index, follow, max-snippet:-1, max-image-preview:large, max-video-preview:-1\" \/>\n<link rel=\"canonical\" href=\"https:\/\/repartoutvelo.fr\/index.php\/produit\/sacoche-de-selle-zefal-z-light-pack-m\/\" \/>\n<meta property=\"og:locale\" content=\"fr_FR\" \/>\n<meta property=\"og:type\" content=\"article\" \/>\n<meta property=\"og:title\" content=\"SACOCHE DE SELLE ZEFAL Z LIGHT PACK M - R\u00e9partoutV\u00e9lo\" \/>\n<meta property=\"og:description\" content=\"Sacoche de selle\u00a0Zefal\u00a0de la gamme\u00a0Z Light Pack M\u00a0pouvant contenir 2 chambres \u00e0 air, 1 kit de r\u00e9paration, un multioutil, une cartouche Co2. Sa construction en polyester apporte de la l\u00e9g\u00e8ret\u00e9 et de la r\u00e9sistance dans le temps, elle est id\u00e9ale pour tous vos trajets quotidien gr\u00e2ce \u00e0 une contenance de 900ml emplement suffisante pour emporter [&hellip;]\" \/>\n<meta property=\"og:url\" content=\"https:\/\/repartoutvelo.fr\/index.php\/produit\/sacoche-de-selle-zefal-z-light-pack-m\/\" \/>\n<meta property=\"og:site_name\" content=\"R\u00e9partoutV\u00e9lo\" \/>\n<meta property=\"article:publisher\" content=\"https:\/\/www.facebook.com\/repartoutvelo\" \/>\n<meta property=\"article:modified_time\" content=\"2021-12-17T10:17:23+00:00\" \/>\n<meta property=\"og:image\" content=\"https:\/\/repartoutvelo.fr\/wp-content\/uploads\/2021\/12\/SACOCHEZEFAL-light-pack-M.jpg\" \/>\n\t<meta property=\"og:image:width\" content=\"2000\" \/>\n\t<meta property=\"og:image:height\" content=\"1359\" \/>\n\t<meta property=\"og:image:type\" content=\"image\/jpeg\" \/>\n<meta name=\"twitter:card\" content=\"summary_large_image\" \/>\n<meta name=\"twitter:label1\" content=\"Dur\u00e9e de lecture estim\u00e9e\" \/>\n\t<meta name=\"twitter:data1\" content=\"1 minute\" \/>\n<script type=\"application\/ld+json\" class=\"yoast-schema-graph\">{\"@context\":\"https:\\\/\\\/schema.org\",\"@graph\":[{\"@type\":\"WebPage\",\"@id\":\"https:\\\/\\\/repartoutvelo.fr\\\/index.php\\\/produit\\\/sacoche-de-selle-zefal-z-light-pack-m\\\/\",\"url\":\"https:\\\/\\\/repartoutvelo.fr\\\/index.php\\\/produit\\\/sacoche-de-selle-zefal-z-light-pack-m\\\/\",\"name\":\"SACOCHE DE SELLE ZEFAL Z LIGHT PACK M - R\u00e9partoutV\u00e9lo\",\"isPartOf\":{\"@id\":\"https:\\\/\\\/repartoutvelo.fr\\\/#website\"},\"primaryImageOfPage\":{\"@id\":\"https:\\\/\\\/repartoutvelo.fr\\\/index.php\\\/produit\\\/sacoche-de-selle-zefal-z-light-pack-m\\\/#primaryimage\"},\"image\":{\"@id\":\"https:\\\/\\\/repartoutvelo.fr\\\/index.php\\\/produit\\\/sacoche-de-selle-zefal-z-light-pack-m\\\/#primaryimage\"},\"thumbnailUrl\":\"https:\\\/\\\/repartoutvelo.fr\\\/wp-content\\\/uploads\\\/2021\\\/12\\\/SACOCHEZEFAL-light-pack-M.jpg\",\"datePublished\":\"2021-12-17T10:15:12+00:00\",\"dateModified\":\"2021-12-17T10:17:23+00:00\",\"breadcrumb\":{\"@id\":\"https:\\\/\\\/repartoutvelo.fr\\\/index.php\\\/produit\\\/sacoche-de-selle-zefal-z-light-pack-m\\\/#breadcrumb\"},\"inLanguage\":\"fr-FR\",\"potentialAction\":[{\"@type\":\"ReadAction\",\"target\":[\"https:\\\/\\\/repartoutvelo.fr\\\/index.php\\\/produit\\\/sacoche-de-selle-zefal-z-light-pack-m\\\/\"]}]},{\"@type\":\"ImageObject\",\"inLanguage\":\"fr-FR\",\"@id\":\"https:\\\/\\\/repartoutvelo.fr\\\/index.php\\\/produit\\\/sacoche-de-selle-zefal-z-light-pack-m\\\/#primaryimage\",\"url\":\"https:\\\/\\\/repartoutvelo.fr\\\/wp-content\\\/uploads\\\/2021\\\/12\\\/SACOCHEZEFAL-light-pack-M.jpg\",\"contentUrl\":\"https:\\\/\\\/repartoutvelo.fr\\\/wp-content\\\/uploads\\\/2021\\\/12\\\/SACOCHEZEFAL-light-pack-M.jpg\",\"width\":2000,\"height\":1359},{\"@type\":\"BreadcrumbList\",\"@id\":\"https:\\\/\\\/repartoutvelo.fr\\\/index.php\\\/produit\\\/sacoche-de-selle-zefal-z-light-pack-m\\\/#breadcrumb\",\"itemListElement\":[{\"@type\":\"ListItem\",\"position\":1,\"name\":\"Accueil\",\"item\":\"https:\\\/\\\/repartoutvelo.fr\\\/\"},{\"@type\":\"ListItem\",\"position\":2,\"name\":\"Boutique\",\"item\":\"https:\\\/\\\/repartoutvelo.fr\\\/index.php\\\/boutique\\\/\"},{\"@type\":\"ListItem\",\"position\":3,\"name\":\"SACOCHE DE SELLE ZEFAL Z LIGHT PACK M\"}]},{\"@type\":\"WebSite\",\"@id\":\"https:\\\/\\\/repartoutvelo.fr\\\/#website\",\"url\":\"https:\\\/\\\/repartoutvelo.fr\\\/\",\"name\":\"R\u00e9partoutV\u00e9lo\",\"description\":\"Votre SAV de l&#039;Ouest Lyonnais\",\"publisher\":{\"@id\":\"https:\\\/\\\/repartoutvelo.fr\\\/#organization\"},\"potentialAction\":[{\"@type\":\"SearchAction\",\"target\":{\"@type\":\"EntryPoint\",\"urlTemplate\":\"https:\\\/\\\/repartoutvelo.fr\\\/?s={search_term_string}\"},\"query-input\":{\"@type\":\"PropertyValueSpecification\",\"valueRequired\":true,\"valueName\":\"search_term_string\"}}],\"inLanguage\":\"fr-FR\"},{\"@type\":\"Organization\",\"@id\":\"https:\\\/\\\/repartoutvelo.fr\\\/#organization\",\"name\":\"R\u00e9partoutV\u00e9lo\",\"url\":\"https:\\\/\\\/repartoutvelo.fr\\\/\",\"logo\":{\"@type\":\"ImageObject\",\"inLanguage\":\"fr-FR\",\"@id\":\"https:\\\/\\\/repartoutvelo.fr\\\/#\\\/schema\\\/logo\\\/image\\\/\",\"url\":\"https:\\\/\\\/repartoutvelo.fr\\\/wp-content\\\/uploads\\\/2021\\\/08\\\/cropped-2_logo_sec_coul_baseline.png\",\"contentUrl\":\"https:\\\/\\\/repartoutvelo.fr\\\/wp-content\\\/uploads\\\/2021\\\/08\\\/cropped-2_logo_sec_coul_baseline.png\",\"width\":1906,\"height\":907,\"caption\":\"R\u00e9partoutV\u00e9lo\"},\"image\":{\"@id\":\"https:\\\/\\\/repartoutvelo.fr\\\/#\\\/schema\\\/logo\\\/image\\\/\"},\"sameAs\":[\"https:\\\/\\\/www.facebook.com\\\/repartoutvelo\",\"https:\\\/\\\/www.instagram.com\\\/repartoutvelo\"]}]}<\/script>\n<!-- \/ Yoast SEO plugin. -->","yoast_head_json":{"title":"SACOCHE DE SELLE ZEFAL Z LIGHT PACK M - R\u00e9partoutV\u00e9lo","robots":{"index":"index","follow":"follow","max-snippet":"max-snippet:-1","max-image-preview":"max-image-preview:large","max-video-preview":"max-video-preview:-1"},"canonical":"https:\/\/repartoutvelo.fr\/index.php\/produit\/sacoche-de-selle-zefal-z-light-pack-m\/","og_locale":"fr_FR","og_type":"article","og_title":"SACOCHE DE SELLE ZEFAL Z LIGHT PACK M - R\u00e9partoutV\u00e9lo","og_description":"Sacoche de selle\u00a0Zefal\u00a0de la gamme\u00a0Z Light Pack M\u00a0pouvant contenir 2 chambres \u00e0 air, 1 kit de r\u00e9paration, un multioutil, une cartouche Co2. Sa construction en polyester apporte de la l\u00e9g\u00e8ret\u00e9 et de la r\u00e9sistance dans le temps, elle est id\u00e9ale pour tous vos trajets quotidien gr\u00e2ce \u00e0 une contenance de 900ml emplement suffisante pour emporter [&hellip;]","og_url":"https:\/\/repartoutvelo.fr\/index.php\/produit\/sacoche-de-selle-zefal-z-light-pack-m\/","og_site_name":"R\u00e9partoutV\u00e9lo","article_publisher":"https:\/\/www.facebook.com\/repartoutvelo","article_modified_time":"2021-12-17T10:17:23+00:00","og_image":[{"width":2000,"height":1359,"url":"https:\/\/repartoutvelo.fr\/wp-content\/uploads\/2021\/12\/SACOCHEZEFAL-light-pack-M.jpg","type":"image\/jpeg"}],"twitter_card":"summary_large_image","twitter_misc":{"Dur\u00e9e de lecture estim\u00e9e":"1 minute"},"schema":{"@context":"https:\/\/schema.org","@graph":[{"@type":"WebPage","@id":"https:\/\/repartoutvelo.fr\/index.php\/produit\/sacoche-de-selle-zefal-z-light-pack-m\/","url":"https:\/\/repartoutvelo.fr\/index.php\/produit\/sacoche-de-selle-zefal-z-light-pack-m\/","name":"SACOCHE DE SELLE ZEFAL Z LIGHT PACK M - R\u00e9partoutV\u00e9lo","isPartOf":{"@id":"https:\/\/repartoutvelo.fr\/#website"},"primaryImageOfPage":{"@id":"https:\/\/repartoutvelo.fr\/index.php\/produit\/sacoche-de-selle-zefal-z-light-pack-m\/#primaryimage"},"image":{"@id":"https:\/\/repartoutvelo.fr\/index.php\/produit\/sacoche-de-selle-zefal-z-light-pack-m\/#primaryimage"},"thumbnailUrl":"https:\/\/repartoutvelo.fr\/wp-content\/uploads\/2021\/12\/SACOCHEZEFAL-light-pack-M.jpg","datePublished":"2021-12-17T10:15:12+00:00","dateModified":"2021-12-17T10:17:23+00:00","breadcrumb":{"@id":"https:\/\/repartoutvelo.fr\/index.php\/produit\/sacoche-de-selle-zefal-z-light-pack-m\/#breadcrumb"},"inLanguage":"fr-FR","potentialAction":[{"@type":"ReadAction","target":["https:\/\/repartoutvelo.fr\/index.php\/produit\/sacoche-de-selle-zefal-z-light-pack-m\/"]}]},{"@type":"ImageObject","inLanguage":"fr-FR","@id":"https:\/\/repartoutvelo.fr\/index.php\/produit\/sacoche-de-selle-zefal-z-light-pack-m\/#primaryimage","url":"https:\/\/repartoutvelo.fr\/wp-content\/uploads\/2021\/12\/SACOCHEZEFAL-light-pack-M.jpg","contentUrl":"https:\/\/repartoutvelo.fr\/wp-content\/uploads\/2021\/12\/SACOCHEZEFAL-light-pack-M.jpg","width":2000,"height":1359},{"@type":"BreadcrumbList","@id":"https:\/\/repartoutvelo.fr\/index.php\/produit\/sacoche-de-selle-zefal-z-light-pack-m\/#breadcrumb","itemListElement":[{"@type":"ListItem","position":1,"name":"Accueil","item":"https:\/\/repartoutvelo.fr\/"},{"@type":"ListItem","position":2,"name":"Boutique","item":"https:\/\/repartoutvelo.fr\/index.php\/boutique\/"},{"@type":"ListItem","position":3,"name":"SACOCHE DE SELLE ZEFAL Z LIGHT PACK M"}]},{"@type":"WebSite","@id":"https:\/\/repartoutvelo.fr\/#website","url":"https:\/\/repartoutvelo.fr\/","name":"R\u00e9partoutV\u00e9lo","description":"Votre SAV de l&#039;Ouest Lyonnais","publisher":{"@id":"https:\/\/repartoutvelo.fr\/#organization"},"potentialAction":[{"@type":"SearchAction","target":{"@type":"EntryPoint","urlTemplate":"https:\/\/repartoutvelo.fr\/?s={search_term_string}"},"query-input":{"@type":"PropertyValueSpecification","valueRequired":true,"valueName":"search_term_string"}}],"inLanguage":"fr-FR"},{"@type":"Organization","@id":"https:\/\/repartoutvelo.fr\/#organization","name":"R\u00e9partoutV\u00e9lo","url":"https:\/\/repartoutvelo.fr\/","logo":{"@type":"ImageObject","inLanguage":"fr-FR","@id":"https:\/\/repartoutvelo.fr\/#\/schema\/logo\/image\/","url":"https:\/\/repartoutvelo.fr\/wp-content\/uploads\/2021\/08\/cropped-2_logo_sec_coul_baseline.png","contentUrl":"https:\/\/repartoutvelo.fr\/wp-content\/uploads\/2021\/08\/cropped-2_logo_sec_coul_baseline.png","width":1906,"height":907,"caption":"R\u00e9partoutV\u00e9lo"},"image":{"@id":"https:\/\/repartoutvelo.fr\/#\/schema\/logo\/image\/"},"sameAs":["https:\/\/www.facebook.com\/repartoutvelo","https:\/\/www.instagram.com\/repartoutvelo"]}]}},"_links":{"self":[{"href":"https:\/\/repartoutvelo.fr\/index.php\/wp-json\/wp\/v2\/product\/535","targetHints":{"allow":["GET"]}}],"collection":[{"href":"https:\/\/repartoutvelo.fr\/index.php\/wp-json\/wp\/v2\/product"}],"about":[{"href":"https:\/\/repartoutvelo.fr\/index.php\/wp-json\/wp\/v2\/types\/product"}],"wp:featuredmedia":[{"embeddable":true,"href":"https:\/\/repartoutvelo.fr\/index.php\/wp-json\/wp\/v2\/media\/538"}],"wp:attachment":[{"href":"https:\/\/repartoutvelo.fr\/index.php\/wp-json\/wp\/v2\/media?parent=535"}],"wp:term":[{"taxonomy":"product_cat","embeddable":true,"href":"https:\/\/repartoutvelo.fr\/index.php\/wp-json\/wp\/v2\/product_cat?post=535"},{"taxonomy":"product_tag","embeddable":true,"href":"https:\/\/repartoutvelo.fr\/index.php\/wp-json\/wp\/v2\/product_tag?post=535"}],"curies":[{"name":"wp","href":"https:\/\/api.w.org\/{rel}","templated":true}]}}