{"id":539,"date":"2021-12-17T11:17:31","date_gmt":"2021-12-17T10:17:31","guid":{"rendered":"https:\/\/repartoutvelo.fr\/?post_type=product&#038;p=539"},"modified":"2022-03-09T22:06:50","modified_gmt":"2022-03-09T21:06:50","slug":"sacoche-de-selle-zefal-z-light-pack-m-2","status":"publish","type":"product","link":"https:\/\/repartoutvelo.fr\/index.php\/produit\/sacoche-de-selle-zefal-z-light-pack-m-2\/","title":{"rendered":"SACOCHE DE CINTRE ZEFAL Z10 GROS VOLUME 10L ROUGE\/NOIR WATERPROOF 390x180X180"},"content":{"rendered":"<p>La sacoche de guidon universelle\u00a0<strong>Z\u00e9fal Z Adventure F10<\/strong>\u00a0est id\u00e9ale pour transporter des affaires l\u00e9g\u00e8res et encombrantes, tel qu&#8217;un sac de couchage et un tapis de sol, tout en \u00e9quilibrant la charge sur le v\u00e9lo. Avec une capacit\u00e9 de 10 litres, ce sac parfaitement \u00e9tanche s&#8217;installe et se retire facilement gr\u00e2ce aux sangles auto-agrippantes. Dot\u00e9e d&#8217;\u00e9l\u00e9ments r\u00e9fl\u00e9chissants et d&#8217;un passant pour \u00e9clairage, la Z Adventure F10 s&#8217;adapte en toute s\u00e9curit\u00e9 \u00e0 tous types de guidons.<\/p>\n<h4>D\u00e9tails :<\/h4>\n<ul>\n<li>\u00c9tanche : Mati\u00e8re \u00e9tanche thermosoud\u00e9e.<\/li>\n<li>Grande capacit\u00e9 : Tr\u00e8s grand volume.<\/li>\n<li>Durable : Mati\u00e8re durable. Fixation et sangles renforc\u00e9es.<\/li>\n<li>Universel : Sangles auto-aggripantes tr\u00e8s r\u00e9sistantes et r\u00e9glables.<\/li>\n<li>Mati\u00e8re : Sac en PU 210 D.<\/li>\n<li>Dimensions : 390 x 180 x 180 mm.<\/li>\n<li>Poids : 340 g.<\/li>\n<li>Volume: 10 L.<\/li>\n<li>Charge maximum : 4 kg<\/li>\n<\/ul>\n","protected":false},"excerpt":{"rendered":"<p>La sacoche de guidon universelle\u00a0Z\u00e9fal Z Adventure F10\u00a0est id\u00e9ale pour transporter des affaires l\u00e9g\u00e8res et encombrantes, tel qu&#8217;un sac de couchage et un tapis de sol, tout en \u00e9quilibrant la charge sur le v\u00e9lo. Avec une capacit\u00e9 de 10 litres, ce sac parfaitement \u00e9tanche s&#8217;installe et se retire facilement gr\u00e2ce aux sangles auto-agrippantes. Dot\u00e9e d&#8217;\u00e9l\u00e9ments [&hellip;]<\/p>\n","protected":false},"featured_media":543,"template":"","meta":{"_monsterinsights_skip_tracking":false,"_monsterinsights_sitenote_active":false,"_monsterinsights_sitenote_note":"","_monsterinsights_sitenote_category":0,"ocean_post_layout":"","ocean_both_sidebars_style":"","ocean_both_sidebars_content_width":0,"ocean_both_sidebars_sidebars_width":0,"ocean_sidebar":"0","ocean_second_sidebar":"0","ocean_disable_margins":"enable","ocean_add_body_class":"","ocean_shortcode_before_top_bar":"","ocean_shortcode_after_top_bar":"","ocean_shortcode_before_header":"","ocean_shortcode_after_header":"","ocean_has_shortcode":"","ocean_shortcode_after_title":"","ocean_shortcode_before_footer_widgets":"","ocean_shortcode_after_footer_widgets":"","ocean_shortcode_before_footer_bottom":"","ocean_shortcode_after_footer_bottom":"","ocean_display_top_bar":"default","ocean_display_header":"default","ocean_header_style":"","ocean_center_header_left_menu":"0","ocean_custom_header_template":"0","ocean_custom_logo":0,"ocean_custom_retina_logo":0,"ocean_custom_logo_max_width":0,"ocean_custom_logo_tablet_max_width":0,"ocean_custom_logo_mobile_max_width":0,"ocean_custom_logo_max_height":0,"ocean_custom_logo_tablet_max_height":0,"ocean_custom_logo_mobile_max_height":0,"ocean_header_custom_menu":"0","ocean_menu_typo_font_family":"0","ocean_menu_typo_font_subset":"","ocean_menu_typo_font_size":0,"ocean_menu_typo_font_size_tablet":0,"ocean_menu_typo_font_size_mobile":0,"ocean_menu_typo_font_size_unit":"px","ocean_menu_typo_font_weight":"","ocean_menu_typo_font_weight_tablet":"","ocean_menu_typo_font_weight_mobile":"","ocean_menu_typo_transform":"","ocean_menu_typo_transform_tablet":"","ocean_menu_typo_transform_mobile":"","ocean_menu_typo_line_height":0,"ocean_menu_typo_line_height_tablet":0,"ocean_menu_typo_line_height_mobile":0,"ocean_menu_typo_line_height_unit":"","ocean_menu_typo_spacing":0,"ocean_menu_typo_spacing_tablet":0,"ocean_menu_typo_spacing_mobile":0,"ocean_menu_typo_spacing_unit":"","ocean_menu_link_color":"","ocean_menu_link_color_hover":"","ocean_menu_link_color_active":"","ocean_menu_link_background":"","ocean_menu_link_hover_background":"","ocean_menu_link_active_background":"","ocean_menu_social_links_bg":"","ocean_menu_social_hover_links_bg":"","ocean_menu_social_links_color":"","ocean_menu_social_hover_links_color":"","ocean_disable_title":"default","ocean_disable_heading":"default","ocean_post_title":"","ocean_post_subheading":"","ocean_post_title_style":"","ocean_post_title_background_color":"","ocean_post_title_background":0,"ocean_post_title_bg_image_position":"","ocean_post_title_bg_image_attachment":"","ocean_post_title_bg_image_repeat":"","ocean_post_title_bg_image_size":"","ocean_post_title_height":0,"ocean_post_title_bg_overlay":0.5,"ocean_post_title_bg_overlay_color":"","ocean_disable_breadcrumbs":"default","ocean_breadcrumbs_color":"","ocean_breadcrumbs_separator_color":"","ocean_breadcrumbs_links_color":"","ocean_breadcrumbs_links_hover_color":"","ocean_display_footer_widgets":"default","ocean_display_footer_bottom":"default","ocean_custom_footer_template":"0"},"product_cat":[28],"product_tag":[],"class_list":{"0":"post-539","1":"product","2":"type-product","3":"status-publish","4":"has-post-thumbnail","6":"product_cat-bagagerie","8":"entry","9":"has-media","11":"first","12":"outofstock","13":"taxable","14":"shipping-taxable","15":"purchasable","16":"product-type-simple","17":"has-product-nav","18":"col","19":"span_1_of_3","20":"owp-content-center","21":"owp-thumbs-layout-horizontal","22":"owp-btn-normal","23":"owp-tabs-layout-horizontal"},"yoast_head":"<!-- This site is optimized with the Yoast SEO plugin v27.4 - https:\/\/yoast.com\/product\/yoast-seo-wordpress\/ -->\n<title>SACOCHE DE CINTRE ZEFAL Z10 GROS VOLUME 10L ROUGE\/NOIR WATERPROOF 390x180X180 - R\u00e9partoutV\u00e9lo<\/title>\n<meta name=\"robots\" content=\"index, follow, max-snippet:-1, max-image-preview:large, max-video-preview:-1\" \/>\n<link rel=\"canonical\" href=\"https:\/\/repartoutvelo.fr\/index.php\/produit\/sacoche-de-selle-zefal-z-light-pack-m-2\/\" \/>\n<meta property=\"og:locale\" content=\"fr_FR\" \/>\n<meta property=\"og:type\" content=\"article\" \/>\n<meta property=\"og:title\" content=\"SACOCHE DE CINTRE ZEFAL Z10 GROS VOLUME 10L ROUGE\/NOIR WATERPROOF 390x180X180 - R\u00e9partoutV\u00e9lo\" \/>\n<meta property=\"og:description\" content=\"La sacoche de guidon universelle\u00a0Z\u00e9fal Z Adventure F10\u00a0est id\u00e9ale pour transporter des affaires l\u00e9g\u00e8res et encombrantes, tel qu&#8217;un sac de couchage et un tapis de sol, tout en \u00e9quilibrant la charge sur le v\u00e9lo. Avec une capacit\u00e9 de 10 litres, ce sac parfaitement \u00e9tanche s&#8217;installe et se retire facilement gr\u00e2ce aux sangles auto-agrippantes. Dot\u00e9e d&#8217;\u00e9l\u00e9ments [&hellip;]\" \/>\n<meta property=\"og:url\" content=\"https:\/\/repartoutvelo.fr\/index.php\/produit\/sacoche-de-selle-zefal-z-light-pack-m-2\/\" \/>\n<meta property=\"og:site_name\" content=\"R\u00e9partoutV\u00e9lo\" \/>\n<meta property=\"article:publisher\" content=\"https:\/\/www.facebook.com\/repartoutvelo\" \/>\n<meta property=\"article:modified_time\" content=\"2022-03-09T21:06:50+00:00\" \/>\n<meta property=\"og:image\" content=\"https:\/\/repartoutvelo.fr\/wp-content\/uploads\/2021\/12\/SACOCHEZEFAL-cintre.jpg\" \/>\n\t<meta property=\"og:image:width\" content=\"1000\" \/>\n\t<meta property=\"og:image:height\" content=\"680\" \/>\n\t<meta property=\"og:image:type\" content=\"image\/jpeg\" \/>\n<meta name=\"twitter:card\" content=\"summary_large_image\" \/>\n<meta name=\"twitter:label1\" content=\"Dur\u00e9e de lecture estim\u00e9e\" \/>\n\t<meta name=\"twitter:data1\" content=\"1 minute\" \/>\n<script type=\"application\/ld+json\" class=\"yoast-schema-graph\">{\"@context\":\"https:\\\/\\\/schema.org\",\"@graph\":[{\"@type\":\"WebPage\",\"@id\":\"https:\\\/\\\/repartoutvelo.fr\\\/index.php\\\/produit\\\/sacoche-de-selle-zefal-z-light-pack-m-2\\\/\",\"url\":\"https:\\\/\\\/repartoutvelo.fr\\\/index.php\\\/produit\\\/sacoche-de-selle-zefal-z-light-pack-m-2\\\/\",\"name\":\"SACOCHE DE CINTRE ZEFAL Z10 GROS VOLUME 10L ROUGE\\\/NOIR WATERPROOF 390x180X180 - R\u00e9partoutV\u00e9lo\",\"isPartOf\":{\"@id\":\"https:\\\/\\\/repartoutvelo.fr\\\/#website\"},\"primaryImageOfPage\":{\"@id\":\"https:\\\/\\\/repartoutvelo.fr\\\/index.php\\\/produit\\\/sacoche-de-selle-zefal-z-light-pack-m-2\\\/#primaryimage\"},\"image\":{\"@id\":\"https:\\\/\\\/repartoutvelo.fr\\\/index.php\\\/produit\\\/sacoche-de-selle-zefal-z-light-pack-m-2\\\/#primaryimage\"},\"thumbnailUrl\":\"https:\\\/\\\/repartoutvelo.fr\\\/wp-content\\\/uploads\\\/2021\\\/12\\\/SACOCHEZEFAL-cintre.jpg\",\"datePublished\":\"2021-12-17T10:17:31+00:00\",\"dateModified\":\"2022-03-09T21:06:50+00:00\",\"breadcrumb\":{\"@id\":\"https:\\\/\\\/repartoutvelo.fr\\\/index.php\\\/produit\\\/sacoche-de-selle-zefal-z-light-pack-m-2\\\/#breadcrumb\"},\"inLanguage\":\"fr-FR\",\"potentialAction\":[{\"@type\":\"ReadAction\",\"target\":[\"https:\\\/\\\/repartoutvelo.fr\\\/index.php\\\/produit\\\/sacoche-de-selle-zefal-z-light-pack-m-2\\\/\"]}]},{\"@type\":\"ImageObject\",\"inLanguage\":\"fr-FR\",\"@id\":\"https:\\\/\\\/repartoutvelo.fr\\\/index.php\\\/produit\\\/sacoche-de-selle-zefal-z-light-pack-m-2\\\/#primaryimage\",\"url\":\"https:\\\/\\\/repartoutvelo.fr\\\/wp-content\\\/uploads\\\/2021\\\/12\\\/SACOCHEZEFAL-cintre.jpg\",\"contentUrl\":\"https:\\\/\\\/repartoutvelo.fr\\\/wp-content\\\/uploads\\\/2021\\\/12\\\/SACOCHEZEFAL-cintre.jpg\",\"width\":1000,\"height\":680},{\"@type\":\"BreadcrumbList\",\"@id\":\"https:\\\/\\\/repartoutvelo.fr\\\/index.php\\\/produit\\\/sacoche-de-selle-zefal-z-light-pack-m-2\\\/#breadcrumb\",\"itemListElement\":[{\"@type\":\"ListItem\",\"position\":1,\"name\":\"Accueil\",\"item\":\"https:\\\/\\\/repartoutvelo.fr\\\/\"},{\"@type\":\"ListItem\",\"position\":2,\"name\":\"Boutique\",\"item\":\"https:\\\/\\\/repartoutvelo.fr\\\/index.php\\\/boutique\\\/\"},{\"@type\":\"ListItem\",\"position\":3,\"name\":\"SACOCHE DE CINTRE ZEFAL Z10 GROS VOLUME 10L ROUGE\\\/NOIR WATERPROOF 390x180X180\"}]},{\"@type\":\"WebSite\",\"@id\":\"https:\\\/\\\/repartoutvelo.fr\\\/#website\",\"url\":\"https:\\\/\\\/repartoutvelo.fr\\\/\",\"name\":\"R\u00e9partoutV\u00e9lo\",\"description\":\"Votre SAV de l&#039;Ouest Lyonnais\",\"publisher\":{\"@id\":\"https:\\\/\\\/repartoutvelo.fr\\\/#organization\"},\"potentialAction\":[{\"@type\":\"SearchAction\",\"target\":{\"@type\":\"EntryPoint\",\"urlTemplate\":\"https:\\\/\\\/repartoutvelo.fr\\\/?s={search_term_string}\"},\"query-input\":{\"@type\":\"PropertyValueSpecification\",\"valueRequired\":true,\"valueName\":\"search_term_string\"}}],\"inLanguage\":\"fr-FR\"},{\"@type\":\"Organization\",\"@id\":\"https:\\\/\\\/repartoutvelo.fr\\\/#organization\",\"name\":\"R\u00e9partoutV\u00e9lo\",\"url\":\"https:\\\/\\\/repartoutvelo.fr\\\/\",\"logo\":{\"@type\":\"ImageObject\",\"inLanguage\":\"fr-FR\",\"@id\":\"https:\\\/\\\/repartoutvelo.fr\\\/#\\\/schema\\\/logo\\\/image\\\/\",\"url\":\"https:\\\/\\\/repartoutvelo.fr\\\/wp-content\\\/uploads\\\/2021\\\/08\\\/cropped-2_logo_sec_coul_baseline.png\",\"contentUrl\":\"https:\\\/\\\/repartoutvelo.fr\\\/wp-content\\\/uploads\\\/2021\\\/08\\\/cropped-2_logo_sec_coul_baseline.png\",\"width\":1906,\"height\":907,\"caption\":\"R\u00e9partoutV\u00e9lo\"},\"image\":{\"@id\":\"https:\\\/\\\/repartoutvelo.fr\\\/#\\\/schema\\\/logo\\\/image\\\/\"},\"sameAs\":[\"https:\\\/\\\/www.facebook.com\\\/repartoutvelo\",\"https:\\\/\\\/www.instagram.com\\\/repartoutvelo\"]}]}<\/script>\n<!-- \/ Yoast SEO plugin. -->","yoast_head_json":{"title":"SACOCHE DE CINTRE ZEFAL Z10 GROS VOLUME 10L ROUGE\/NOIR WATERPROOF 390x180X180 - R\u00e9partoutV\u00e9lo","robots":{"index":"index","follow":"follow","max-snippet":"max-snippet:-1","max-image-preview":"max-image-preview:large","max-video-preview":"max-video-preview:-1"},"canonical":"https:\/\/repartoutvelo.fr\/index.php\/produit\/sacoche-de-selle-zefal-z-light-pack-m-2\/","og_locale":"fr_FR","og_type":"article","og_title":"SACOCHE DE CINTRE ZEFAL Z10 GROS VOLUME 10L ROUGE\/NOIR WATERPROOF 390x180X180 - R\u00e9partoutV\u00e9lo","og_description":"La sacoche de guidon universelle\u00a0Z\u00e9fal Z Adventure F10\u00a0est id\u00e9ale pour transporter des affaires l\u00e9g\u00e8res et encombrantes, tel qu&#8217;un sac de couchage et un tapis de sol, tout en \u00e9quilibrant la charge sur le v\u00e9lo. Avec une capacit\u00e9 de 10 litres, ce sac parfaitement \u00e9tanche s&#8217;installe et se retire facilement gr\u00e2ce aux sangles auto-agrippantes. Dot\u00e9e d&#8217;\u00e9l\u00e9ments [&hellip;]","og_url":"https:\/\/repartoutvelo.fr\/index.php\/produit\/sacoche-de-selle-zefal-z-light-pack-m-2\/","og_site_name":"R\u00e9partoutV\u00e9lo","article_publisher":"https:\/\/www.facebook.com\/repartoutvelo","article_modified_time":"2022-03-09T21:06:50+00:00","og_image":[{"width":1000,"height":680,"url":"https:\/\/repartoutvelo.fr\/wp-content\/uploads\/2021\/12\/SACOCHEZEFAL-cintre.jpg","type":"image\/jpeg"}],"twitter_card":"summary_large_image","twitter_misc":{"Dur\u00e9e de lecture estim\u00e9e":"1 minute"},"schema":{"@context":"https:\/\/schema.org","@graph":[{"@type":"WebPage","@id":"https:\/\/repartoutvelo.fr\/index.php\/produit\/sacoche-de-selle-zefal-z-light-pack-m-2\/","url":"https:\/\/repartoutvelo.fr\/index.php\/produit\/sacoche-de-selle-zefal-z-light-pack-m-2\/","name":"SACOCHE DE CINTRE ZEFAL Z10 GROS VOLUME 10L ROUGE\/NOIR WATERPROOF 390x180X180 - R\u00e9partoutV\u00e9lo","isPartOf":{"@id":"https:\/\/repartoutvelo.fr\/#website"},"primaryImageOfPage":{"@id":"https:\/\/repartoutvelo.fr\/index.php\/produit\/sacoche-de-selle-zefal-z-light-pack-m-2\/#primaryimage"},"image":{"@id":"https:\/\/repartoutvelo.fr\/index.php\/produit\/sacoche-de-selle-zefal-z-light-pack-m-2\/#primaryimage"},"thumbnailUrl":"https:\/\/repartoutvelo.fr\/wp-content\/uploads\/2021\/12\/SACOCHEZEFAL-cintre.jpg","datePublished":"2021-12-17T10:17:31+00:00","dateModified":"2022-03-09T21:06:50+00:00","breadcrumb":{"@id":"https:\/\/repartoutvelo.fr\/index.php\/produit\/sacoche-de-selle-zefal-z-light-pack-m-2\/#breadcrumb"},"inLanguage":"fr-FR","potentialAction":[{"@type":"ReadAction","target":["https:\/\/repartoutvelo.fr\/index.php\/produit\/sacoche-de-selle-zefal-z-light-pack-m-2\/"]}]},{"@type":"ImageObject","inLanguage":"fr-FR","@id":"https:\/\/repartoutvelo.fr\/index.php\/produit\/sacoche-de-selle-zefal-z-light-pack-m-2\/#primaryimage","url":"https:\/\/repartoutvelo.fr\/wp-content\/uploads\/2021\/12\/SACOCHEZEFAL-cintre.jpg","contentUrl":"https:\/\/repartoutvelo.fr\/wp-content\/uploads\/2021\/12\/SACOCHEZEFAL-cintre.jpg","width":1000,"height":680},{"@type":"BreadcrumbList","@id":"https:\/\/repartoutvelo.fr\/index.php\/produit\/sacoche-de-selle-zefal-z-light-pack-m-2\/#breadcrumb","itemListElement":[{"@type":"ListItem","position":1,"name":"Accueil","item":"https:\/\/repartoutvelo.fr\/"},{"@type":"ListItem","position":2,"name":"Boutique","item":"https:\/\/repartoutvelo.fr\/index.php\/boutique\/"},{"@type":"ListItem","position":3,"name":"SACOCHE DE CINTRE ZEFAL Z10 GROS VOLUME 10L ROUGE\/NOIR WATERPROOF 390x180X180"}]},{"@type":"WebSite","@id":"https:\/\/repartoutvelo.fr\/#website","url":"https:\/\/repartoutvelo.fr\/","name":"R\u00e9partoutV\u00e9lo","description":"Votre SAV de l&#039;Ouest Lyonnais","publisher":{"@id":"https:\/\/repartoutvelo.fr\/#organization"},"potentialAction":[{"@type":"SearchAction","target":{"@type":"EntryPoint","urlTemplate":"https:\/\/repartoutvelo.fr\/?s={search_term_string}"},"query-input":{"@type":"PropertyValueSpecification","valueRequired":true,"valueName":"search_term_string"}}],"inLanguage":"fr-FR"},{"@type":"Organization","@id":"https:\/\/repartoutvelo.fr\/#organization","name":"R\u00e9partoutV\u00e9lo","url":"https:\/\/repartoutvelo.fr\/","logo":{"@type":"ImageObject","inLanguage":"fr-FR","@id":"https:\/\/repartoutvelo.fr\/#\/schema\/logo\/image\/","url":"https:\/\/repartoutvelo.fr\/wp-content\/uploads\/2021\/08\/cropped-2_logo_sec_coul_baseline.png","contentUrl":"https:\/\/repartoutvelo.fr\/wp-content\/uploads\/2021\/08\/cropped-2_logo_sec_coul_baseline.png","width":1906,"height":907,"caption":"R\u00e9partoutV\u00e9lo"},"image":{"@id":"https:\/\/repartoutvelo.fr\/#\/schema\/logo\/image\/"},"sameAs":["https:\/\/www.facebook.com\/repartoutvelo","https:\/\/www.instagram.com\/repartoutvelo"]}]}},"_links":{"self":[{"href":"https:\/\/repartoutvelo.fr\/index.php\/wp-json\/wp\/v2\/product\/539","targetHints":{"allow":["GET"]}}],"collection":[{"href":"https:\/\/repartoutvelo.fr\/index.php\/wp-json\/wp\/v2\/product"}],"about":[{"href":"https:\/\/repartoutvelo.fr\/index.php\/wp-json\/wp\/v2\/types\/product"}],"wp:featuredmedia":[{"embeddable":true,"href":"https:\/\/repartoutvelo.fr\/index.php\/wp-json\/wp\/v2\/media\/543"}],"wp:attachment":[{"href":"https:\/\/repartoutvelo.fr\/index.php\/wp-json\/wp\/v2\/media?parent=539"}],"wp:term":[{"taxonomy":"product_cat","embeddable":true,"href":"https:\/\/repartoutvelo.fr\/index.php\/wp-json\/wp\/v2\/product_cat?post=539"},{"taxonomy":"product_tag","embeddable":true,"href":"https:\/\/repartoutvelo.fr\/index.php\/wp-json\/wp\/v2\/product_tag?post=539"}],"curies":[{"name":"wp","href":"https:\/\/api.w.org\/{rel}","templated":true}]}}